{"id":689734,"date":"2024-08-17T15:11:05","date_gmt":"2024-08-17T12:11:05","guid":{"rendered":"https:\/\/nbg.eu\/product\/firing-pin-3x16-kmr\/"},"modified":"2026-05-13T16:02:51","modified_gmt":"2026-05-13T13:02:51","slug":"firing-pin-3x16-kmr","status":"publish","type":"product","link":"https:\/\/nbg.eu\/da\/vare\/firing-pin-3x16-kmr\/","title":{"rendered":"KMR Fastholdningsstift til Slagstift 3&#215;16 S-02"},"content":{"rendered":"<h2>Fyrt\u00f8jsn\u00e5l 3X16 KMR: P\u00e5lidelig t\u00e6nding designet til konkurrenceskydning<\/h2>\n<p>Designet til kravene i konkurrenceskydning leverer Fyrt\u00f8jsn\u00e5l 3X16 KMR kompromisl\u00f8s p\u00e5lidelig t\u00e6nding og st\u00f8dmodstand. Pr\u00e6cist bearbejdet til 3x16mm dimensioner af h\u00f8jkvalitets h\u00e6rdet st\u00e5l, er denne fyrt\u00f8jsn\u00e5l konstrueret til at modst\u00e5 gentaget mekanisk belastning fra hurtig-skydning uden deformation eller afsk\u00e6ring af spidsen.<\/p>\n<p>Ensartede, centrerede n\u00e5leslag forhindrer lette slag eller fejlt\u00e6ndinger og sikrer p\u00e5lidelig t\u00e6nding med hvert skud. Fyrt\u00f8jsn\u00e5l 3X16 KMR&#8217;s robuste konstruktion og pr\u00e6cise tolerancer g\u00f8r den til en vigtig opgradering for seri\u00f8se konkurrenceskytter, der s\u00f8ger at maksimere deres pr\u00e6station og eliminere fejl.<\/p>\n<p>Uanset om du tager udfordringerne i et 3-v\u00e5ben-st\u00e6vne eller presser gr\u00e6nserne for din KMR-pistols ydeevne, leverer Fyrt\u00f8jsn\u00e5l 3X16 KMR den p\u00e5lidelige t\u00e6nding og langvarige holdbarhed, du har brug for for at lykkes. Opgrader din KMR i dag og oplev forskellen, som pr\u00e6cisionsteknologi kan g\u00f8re.<\/p>\n","protected":false},"excerpt":{"rendered":"<p>Pr\u00e6cision 3x16mm st\u00e5l ant\u00e6ndeknapn\u00e5l, konstrueret til p\u00e5lidelig ant\u00e6ndelse og st\u00f8disolation i KMR-pistoler.<\/p>\n","protected":false},"featured_media":23988,"template":"","meta":{"_acf_changed":false},"product_brand":[11506],"product_cat":[14762,13089],"product_tag":[],"class_list":{"0":"post-689734","1":"product","2":"type-product","3":"status-publish","4":"has-post-thumbnail","6":"product_brand-kmr-precision","7":"product_cat-affyringsnale","8":"product_cat-kmr-dele","10":"first","11":"instock","12":"taxable","13":"shipping-taxable","14":"product-type-simple"},"acf":[],"_links":{"self":[{"href":"https:\/\/nbg.eu\/da\/wp-json\/wp\/v2\/product\/689734","targetHints":{"allow":["GET"]}}],"collection":[{"href":"https:\/\/nbg.eu\/da\/wp-json\/wp\/v2\/product"}],"about":[{"href":"https:\/\/nbg.eu\/da\/wp-json\/wp\/v2\/types\/product"}],"wp:featuredmedia":[{"embeddable":true,"href":"https:\/\/nbg.eu\/da\/wp-json\/wp\/v2\/media\/23988"}],"wp:attachment":[{"href":"https:\/\/nbg.eu\/da\/wp-json\/wp\/v2\/media?parent=689734"}],"wp:term":[{"taxonomy":"product_brand","embeddable":true,"href":"https:\/\/nbg.eu\/da\/wp-json\/wp\/v2\/product_brand?post=689734"},{"taxonomy":"product_cat","embeddable":true,"href":"https:\/\/nbg.eu\/da\/wp-json\/wp\/v2\/product_cat?post=689734"},{"taxonomy":"product_tag","embeddable":true,"href":"https:\/\/nbg.eu\/da\/wp-json\/wp\/v2\/product_tag?post=689734"}],"curies":[{"name":"wp","href":"https:\/\/api.w.org\/{rel}","templated":true}]}}