{"id":689828,"date":"2025-03-02T20:05:35","date_gmt":"2025-03-02T17:05:35","guid":{"rendered":"https:\/\/nbg.eu\/product\/fox-classic-hunter\/"},"modified":"2026-05-13T15:11:46","modified_gmt":"2026-05-13T12:11:46","slug":"fox-classic-hunter","status":"publish","type":"product","link":"https:\/\/nbg.eu\/da\/vare\/fox-classic-hunter\/","title":{"rendered":"Fox Classic hunter"},"content":{"rendered":"<h2>Fox Classic Hunter-kugler: Ekstremt pr\u00e6cise og blyfritudt ydelse<\/h2>\n<p>Designet til at opfylde de strenge krav i den europ\u00e6iske jagt leverer Fox Classic Hunter-kuglerne kompromisl\u00f8s ydelse og etisk, blyfritudt jagt. Fremstillet af en solid kobber-zinklegering har disse premium-kugler en dobbelt-diameter ekspansionsdesign og en h\u00f8j ballistisk koefficient (BC) for flade trajektorier og \u00f8del\u00e6ggende terminal ballistik.<\/p>\n<p>J\u00e6gere, der s\u00f8ger en p\u00e5lidelig, blyfri ammunition, kan stole p\u00e5, at Fox Classic Hunter giver den dybe penetration og maksimal v\u00e6gtretention, der kr\u00e6ves for et rent, etisk drab. Ved at eliminere blyforurening sikrer disse kugler, at k\u00f8det forbliver uplettet og sikkert at spise, s\u00e5 du kan nyde frugterne af din jagt fuldt ud.<\/p>\n<p>Med sin avancerede design og materialesammens\u00e6tning leverer Fox Classic Hunter den ydelse, du forlanger, uden at g\u00e5 p\u00e5 kompromis med dine v\u00e6rdier. Oplev den perfekte balance mellem pr\u00e6cision, kraft og milj\u00f8m\u00e6ssigt ansvar med hvert skud.<\/p>\n","protected":false},"excerpt":{"rendered":"<p>Fox Classic Hunter: Blyl\u00f8se jagtrundprojektiler, der leverer \u00f8del\u00e6ggende terminal ballistik.<\/p>\n","protected":false},"featured_media":0,"template":"","meta":{"_acf_changed":false},"product_brand":[],"product_cat":[13155],"product_tag":[],"class_list":{"0":"post-689828","1":"product","2":"type-product","3":"status-publish","5":"product_cat-ukategoriseret","7":"first","8":"instock","9":"taxable","10":"shipping-taxable","11":"purchasable","12":"product-type-variable","13":"wvs-archive-product-wrapper"},"acf":[],"_links":{"self":[{"href":"https:\/\/nbg.eu\/da\/wp-json\/wp\/v2\/product\/689828","targetHints":{"allow":["GET"]}}],"collection":[{"href":"https:\/\/nbg.eu\/da\/wp-json\/wp\/v2\/product"}],"about":[{"href":"https:\/\/nbg.eu\/da\/wp-json\/wp\/v2\/types\/product"}],"wp:attachment":[{"href":"https:\/\/nbg.eu\/da\/wp-json\/wp\/v2\/media?parent=689828"}],"wp:term":[{"taxonomy":"product_brand","embeddable":true,"href":"https:\/\/nbg.eu\/da\/wp-json\/wp\/v2\/product_brand?post=689828"},{"taxonomy":"product_cat","embeddable":true,"href":"https:\/\/nbg.eu\/da\/wp-json\/wp\/v2\/product_cat?post=689828"},{"taxonomy":"product_tag","embeddable":true,"href":"https:\/\/nbg.eu\/da\/wp-json\/wp\/v2\/product_tag?post=689828"}],"curies":[{"name":"wp","href":"https:\/\/api.w.org\/{rel}","templated":true}]}}