{"id":689916,"date":"2024-08-24T16:34:19","date_gmt":"2024-08-24T13:34:19","guid":{"rendered":"https:\/\/nbg.eu\/product\/flex-holster-right-hand-color-inlays-2\/"},"modified":"2025-12-28T21:30:46","modified_gmt":"2025-12-28T18:30:46","slug":"flex-holster-right-hand-color-inlays-2","status":"publish","type":"product","link":"https:\/\/nbg.eu\/da\/vare\/flex-holster-right-hand-color-inlays-2\/","title":{"rendered":"Flex Holster Right Hand Color Inlays"},"content":{"rendered":"<div class=\"product-description\">\n<h2>Flex Holster H\u00f8jreh\u00e5ndsfarvede indl\u00e6g<\/h2>\n<p>Tilpas din h\u00f8jreh\u00e5ndsflex-holster med vores pr\u00e6cise lasersk\u00e5rede plastlogoindsatser. Disse livlige farveaccenter tilf\u00f8jer et personligt pr\u00e6g til din holster, mens dens slanke design bevares.<\/p>\n<ul>\n<li>Nem installation med forudmonteret 3M-b\u00e5ndbagsside<\/li>\n<li>Flytbare og udskiftelige til fremtidige farve\u00e6ndringer<\/li>\n<li>Transparent beskyttelsesfilm medf\u00f8lger (fjernelig for bedst muligt udseende)<\/li>\n<li>Specielt designet til h\u00f8jreh\u00e5ndsflex-holsterlegemer<\/li>\n<\/ul>\n<p><strong>Bem\u00e6rk:<\/strong> Selvom indsatserne kan fjernes og udskiftes, skal du v\u00e6re opm\u00e6rksom p\u00e5, at den oprindelige indsats muligvis kan g\u00e5 i stykker under fjernelsen. Udvis forsigtighed ved farveskift for at sikre en j\u00e6vn overgang.<\/p>\n<p>Opgrad\u00e9r din holsters stil med disse \u00f8jefangende farveindsatser i dag!<\/p>\n<\/div>\n","protected":false},"excerpt":{"rendered":"<p>Tilpassede farveindl\u00e6g til h\u00f8jreh\u00e5ndede Flex-holstre. Nemme at montere.<\/p>\n","protected":false},"featured_media":29647,"template":"","meta":{"_acf_changed":false},"product_brand":[11266],"product_cat":[13120,13126,13147],"product_tag":[],"class_list":{"0":"post-689916","1":"product","2":"type-product","3":"status-publish","4":"has-post-thumbnail","6":"product_brand-doublealpha","7":"product_cat-hylstertilbehor","8":"product_cat-sport-hylster","9":"product_cat-udstyr","11":"first","12":"instock","13":"taxable","14":"shipping-taxable","15":"purchasable","16":"product-type-variable","17":"wvs-archive-product-wrapper"},"acf":[],"_links":{"self":[{"href":"https:\/\/nbg.eu\/da\/wp-json\/wp\/v2\/product\/689916","targetHints":{"allow":["GET"]}}],"collection":[{"href":"https:\/\/nbg.eu\/da\/wp-json\/wp\/v2\/product"}],"about":[{"href":"https:\/\/nbg.eu\/da\/wp-json\/wp\/v2\/types\/product"}],"wp:featuredmedia":[{"embeddable":true,"href":"https:\/\/nbg.eu\/da\/wp-json\/wp\/v2\/media\/29647"}],"wp:attachment":[{"href":"https:\/\/nbg.eu\/da\/wp-json\/wp\/v2\/media?parent=689916"}],"wp:term":[{"taxonomy":"product_brand","embeddable":true,"href":"https:\/\/nbg.eu\/da\/wp-json\/wp\/v2\/product_brand?post=689916"},{"taxonomy":"product_cat","embeddable":true,"href":"https:\/\/nbg.eu\/da\/wp-json\/wp\/v2\/product_cat?post=689916"},{"taxonomy":"product_tag","embeddable":true,"href":"https:\/\/nbg.eu\/da\/wp-json\/wp\/v2\/product_tag?post=689916"}],"curies":[{"name":"wp","href":"https:\/\/api.w.org\/{rel}","templated":true}]}}