{"id":690598,"date":"2024-08-17T14:52:53","date_gmt":"2024-08-17T11:52:53","guid":{"rendered":"https:\/\/nbg.eu\/product\/fully-adjustable-sight-kmr-black-wide\/"},"modified":"2026-05-13T16:04:35","modified_gmt":"2026-05-13T13:04:35","slug":"fully-adjustable-sight-kmr-black-wide","status":"publish","type":"product","link":"https:\/\/nbg.eu\/da\/vare\/fully-adjustable-sight-kmr-black-wide\/","title":{"rendered":"KMR Fuldt Justerbart Sigte Sort Bred"},"content":{"rendered":"<h2>Fuldt justerbart sigte KMR Black-Wide: Pr\u00e6cisionsekspertise til konkurrenceskytter<\/h2>\n<p>Det fuldt justerbare sigte KMR Black-Wide er det ultimative tilbeh\u00f8r til konkurrenceskytter, der s\u00f8ger uvurderlig pr\u00e6cision og alsidighed. Designet med fokus p\u00e5 h\u00f8jde-\/vindjustering og h\u00f8j-kontrast m\u00e5lerhentning, leverer dette sigte den ydeevne, du har brug for for at dominere p\u00e5 skydebanen.<\/p>\n<p>Med mikrometerjustering giver KMR Black-Wide dig mulighed for at indstille dit point of impact pr\u00e6cist til din specifikke ladning og afstand, hvilket sikrer kompromisl\u00f8s n\u00f8jagtighed. Det &#8220;brede&#8221; bageste k\u00e6rv giver et bedre sigtebillede til hurtige overgange, mens den bl\u00e6ndingsreducerende, riflede mat sort finish eliminerer solglans for et skarp, sort-p\u00e5-sort profil.<\/p>\n<p>Uanset om du deltager i pr\u00e6cisionskonkurrencer p\u00e5 lang afstand eller navigerer dynamiske st\u00e5ludfordringer, er det fuldt justerbare sigte KMR Black-Wide din n\u00f8gle til at udl\u00f8se dit sande potentiale. Opgrad\u00e9r dit udstyr og tag dit skyderi til nye h\u00f8jder med dette enest\u00e5ende sigteystem.<\/p>\n","protected":false},"excerpt":{"rendered":"<p>Fuldt justerbart sigte KMR Sort-Bred &#8211; Pr\u00e6cis h\u00f8jde-\/sidevis justering og h\u00f8jkontrastm\u00e5lregistrering.<\/p>\n","protected":false},"featured_media":30337,"template":"","meta":{"_acf_changed":false},"product_brand":[11506],"product_cat":[13089],"product_tag":[],"class_list":{"0":"post-690598","1":"product","2":"type-product","3":"status-publish","4":"has-post-thumbnail","6":"product_brand-kmr-precision","7":"product_cat-kmr-dele","9":"first","10":"instock","11":"taxable","12":"shipping-taxable","13":"product-type-simple"},"acf":[],"_links":{"self":[{"href":"https:\/\/nbg.eu\/da\/wp-json\/wp\/v2\/product\/690598","targetHints":{"allow":["GET"]}}],"collection":[{"href":"https:\/\/nbg.eu\/da\/wp-json\/wp\/v2\/product"}],"about":[{"href":"https:\/\/nbg.eu\/da\/wp-json\/wp\/v2\/types\/product"}],"wp:featuredmedia":[{"embeddable":true,"href":"https:\/\/nbg.eu\/da\/wp-json\/wp\/v2\/media\/30337"}],"wp:attachment":[{"href":"https:\/\/nbg.eu\/da\/wp-json\/wp\/v2\/media?parent=690598"}],"wp:term":[{"taxonomy":"product_brand","embeddable":true,"href":"https:\/\/nbg.eu\/da\/wp-json\/wp\/v2\/product_brand?post=690598"},{"taxonomy":"product_cat","embeddable":true,"href":"https:\/\/nbg.eu\/da\/wp-json\/wp\/v2\/product_cat?post=690598"},{"taxonomy":"product_tag","embeddable":true,"href":"https:\/\/nbg.eu\/da\/wp-json\/wp\/v2\/product_tag?post=690598"}],"curies":[{"name":"wp","href":"https:\/\/api.w.org\/{rel}","templated":true}]}}