{"id":690746,"date":"2024-08-16T23:16:01","date_gmt":"2024-08-16T20:16:01","guid":{"rendered":"https:\/\/nbg.eu\/product\/hammer-pin-kmr\/"},"modified":"2026-05-13T16:04:31","modified_gmt":"2026-05-13T13:04:31","slug":"hammer-pin-kmr","status":"publish","type":"product","link":"https:\/\/nbg.eu\/da\/vare\/hammer-pin-kmr\/","title":{"rendered":"KMR Hanestift"},"content":{"rendered":"<h2>Hammer Pin til KMR-pistoler: Pr\u00e6cision og p\u00e5lidelighed til dit t\u00e6ndingssystem<\/h2>\n<p>S\u00f8rg for den j\u00e6vne og ensartede drift af dit KMR-pistols t\u00e6ndingssystem med vores premium Hammer Pin. Fremstillet af pr\u00e6cisionssleben h\u00e6rdet st\u00e5l, er denne pin designet til at fungere som den prim\u00e6re akse for hammerbev\u00e6gelsen, hvilket garanterer p\u00e5lideligt og gentageligt hammerfald og aftr\u00e6kkergeonetri.<\/p>\n<p>Med en pr\u00e6cis fabriksdiameter for en perfekt pasform i KMR-rammer, er vores Hammer Pin konstrueret til at forhindre almindelige problemer som &#8220;pin walking&#8221; under hurtig ild. Dens slidst\u00e6rke overfladebel\u00e6gning \u00f8ger yderligere pindens holdbarhed og beskytter den strukturelle integritet af dine skyderedskabers kritiske komponenter.<\/p>\n<p>Uanset om du er en ivrig konkurrenceskytter eller en dedikeret rekreativ bruger, er Hammer Pin til KMR-pistoler den v\u00e6sentlige komponent, du har brug for for at sikre den j\u00e6vne og p\u00e5lidelige drift af dit t\u00e6ndingssystem. Stol p\u00e5 dens pr\u00e6cisionsingeni\u00f8rarbejde og usv\u00e6kket ydelse for at l\u00f8fte din skydeoplevelse til nye h\u00f8jder.<\/p>\n","protected":false},"excerpt":{"rendered":"<p>Pr\u00e6cisionssmeden st\u00e5lstift sikrer stabil hammerpivot og glat aftr\u00e6kning for KMR-pistoler.<\/p>\n","protected":false},"featured_media":23680,"template":"","meta":{"_acf_changed":false},"product_brand":[11506],"product_cat":[13089],"product_tag":[],"class_list":{"0":"post-690746","1":"product","2":"type-product","3":"status-publish","4":"has-post-thumbnail","6":"product_brand-kmr-precision","7":"product_cat-kmr-dele","9":"first","10":"instock","11":"taxable","12":"shipping-taxable","13":"product-type-simple"},"acf":[],"_links":{"self":[{"href":"https:\/\/nbg.eu\/da\/wp-json\/wp\/v2\/product\/690746","targetHints":{"allow":["GET"]}}],"collection":[{"href":"https:\/\/nbg.eu\/da\/wp-json\/wp\/v2\/product"}],"about":[{"href":"https:\/\/nbg.eu\/da\/wp-json\/wp\/v2\/types\/product"}],"wp:featuredmedia":[{"embeddable":true,"href":"https:\/\/nbg.eu\/da\/wp-json\/wp\/v2\/media\/23680"}],"wp:attachment":[{"href":"https:\/\/nbg.eu\/da\/wp-json\/wp\/v2\/media?parent=690746"}],"wp:term":[{"taxonomy":"product_brand","embeddable":true,"href":"https:\/\/nbg.eu\/da\/wp-json\/wp\/v2\/product_brand?post=690746"},{"taxonomy":"product_cat","embeddable":true,"href":"https:\/\/nbg.eu\/da\/wp-json\/wp\/v2\/product_cat?post=690746"},{"taxonomy":"product_tag","embeddable":true,"href":"https:\/\/nbg.eu\/da\/wp-json\/wp\/v2\/product_tag?post=690746"}],"curies":[{"name":"wp","href":"https:\/\/api.w.org\/{rel}","templated":true}]}}