{"id":690847,"date":"2024-09-18T20:49:20","date_gmt":"2024-09-18T17:49:20","guid":{"rendered":"https:\/\/nbg.eu\/product\/holosun-1-63-riser-for-hs510c-red-dot-sight-hs-riser-510c\/"},"modified":"2026-05-13T16:02:31","modified_gmt":"2026-05-13T13:02:31","slug":"holosun-1-63-riser-for-hs510c-red-dot-sight-hs-riser-510c","status":"publish","type":"product","link":"https:\/\/nbg.eu\/da\/vare\/holosun-1-63-riser-for-hs510c-red-dot-sight-hs-riser-510c\/","title":{"rendered":"Holosun 1.63&#8243; Riser for HS510C Red Dot Sight | HS-RISER-510C"},"content":{"rendered":"<h2>Holosun 1.63&#8221; High Riser HS-RISER-510C for HS510C<\/h2>\n<p>Forh\u00f8j din skydeoplevelse med HOLOSUN-monteringen til h\u00f8j riser, der er specifikt designet til HS510C. Denne montering giver en perfekt 1,63&#8221; sigtslinje, som er ideel til skydev\u00e5ben med lige kolber, hvor skulderst\u00f8tten er p\u00e5 linje med v\u00e5bnets aktionboks.<\/p>\n<h2>N\u00f8glefunktioner:<\/h2>\n<ul>\n<li>Nem h\u00e5ndtering og installation<\/li>\n<li>Kompakt design for optimal ydelse<\/li>\n<li>Ekstrem holdbarhed med robust duraluminiumskonstruktion<\/li>\n<li>Gentagelsesjustering for konsekvent skydning<\/li>\n<li>Lettv\u00e6gts, men robust konstruktion<\/li>\n<\/ul>\n<h2>Tekniske specifikationer:<\/h2>\n<ul>\n<li>Driftstemperatur: -30\u00b0C til 60\u00b0C<\/li>\n<li>Opbevaringstemperatur: -40\u00b0C til 70\u00b0C<\/li>\n<li>Dimensioner: 80,5 x 40 x 5,5 mm<\/li>\n<li>Materiale: Aluminium<\/li>\n<li>Farve: Sort<\/li>\n<li>V\u00e6gt: 44 g<\/li>\n<\/ul>\n<p>Opgrader din Holosun HS510C med denne h\u00f8jkvalitets-risermontage, som er designet til pr\u00e6cision og p\u00e5lidelighed under forskellige skydebetingelser. Uanset om du er professionel eller entusiast, er HS-RISER-510C den perfekte tilf\u00f8jelse til at forbedre din skydev\u00e5benpr\u00e6station.<\/p>\n","protected":false},"excerpt":{"rendered":"<p>Forh\u00f8j din HS510C med dette holdbare 1,63&quot; h\u00f8je riser-beslag.<\/p>\n","protected":false},"featured_media":64725,"template":"","meta":{"_acf_changed":false},"product_brand":[11423],"product_cat":[14892],"product_tag":[],"class_list":{"0":"post-690847","1":"product","2":"type-product","3":"status-publish","4":"has-post-thumbnail","6":"product_brand-holosun","7":"product_cat-red-dot-sights-mounts-da","9":"first","10":"instock","11":"taxable","12":"shipping-taxable","13":"purchasable","14":"product-type-simple"},"acf":[],"_links":{"self":[{"href":"https:\/\/nbg.eu\/da\/wp-json\/wp\/v2\/product\/690847","targetHints":{"allow":["GET"]}}],"collection":[{"href":"https:\/\/nbg.eu\/da\/wp-json\/wp\/v2\/product"}],"about":[{"href":"https:\/\/nbg.eu\/da\/wp-json\/wp\/v2\/types\/product"}],"wp:featuredmedia":[{"embeddable":true,"href":"https:\/\/nbg.eu\/da\/wp-json\/wp\/v2\/media\/64725"}],"wp:attachment":[{"href":"https:\/\/nbg.eu\/da\/wp-json\/wp\/v2\/media?parent=690847"}],"wp:term":[{"taxonomy":"product_brand","embeddable":true,"href":"https:\/\/nbg.eu\/da\/wp-json\/wp\/v2\/product_brand?post=690847"},{"taxonomy":"product_cat","embeddable":true,"href":"https:\/\/nbg.eu\/da\/wp-json\/wp\/v2\/product_cat?post=690847"},{"taxonomy":"product_tag","embeddable":true,"href":"https:\/\/nbg.eu\/da\/wp-json\/wp\/v2\/product_tag?post=690847"}],"curies":[{"name":"wp","href":"https:\/\/api.w.org\/{rel}","templated":true}]}}