{"id":691106,"date":"2025-03-04T21:24:07","date_gmt":"2025-03-04T18:24:07","guid":{"rendered":"https:\/\/nbg.eu\/product\/kmr-hand-stop-set-m-lok-alu-black\/"},"modified":"2026-05-13T15:56:48","modified_gmt":"2026-05-13T12:56:48","slug":"kmr-hand-stop-set-m-lok-alu-black","status":"publish","type":"product","link":"https:\/\/nbg.eu\/da\/vare\/kmr-hand-stop-set-m-lok-alu-black\/","title":{"rendered":"KMR Hand Stop S\u00e6t M-LOK ALU Sort"},"content":{"rendered":"<h2>KMR H\u00e5ndstops\u00e6t (M-LOK) \u2013 Aluminium, Sort<\/h2>\n<p>Forh\u00f8j din skydeoplevelse med KMR H\u00e5ndstops\u00e6ttet, et alsidigt tilbeh\u00f8r, der er designet til at forbedre rekylstyring, h\u00e5ndindeksering og generel v\u00e5benkontrol. Fremstillet af let, CNC-bearbejdet aluminium og med en mat sort elokseret finish, integrerer dette h\u00e5ndstops\u00e6t s\u00f8ml\u00f8st med dit M-LOK-kompatible skydev\u00e5ben.<\/p>\n<p>Den modul\u00e6re to-delte eller strukturerede design giver et konsistent fysisk referencepunkt for din st\u00f8tteh\u00e5nd, hvilket sikrer et gentagbart greb og forhindrer din h\u00e5nd i at glide mod mundingen. Ved at lade dig &#8220;tr\u00e6kke&#8221; riflen ind mod din skulder leverer KMR H\u00e5ndstops\u00e6ttet signifikant fladere skydning og hurtigere opf\u00f8lgende skud, hvilket forbedrer din samlede n\u00f8jagtighed og skydepr\u00e6station.<\/p>\n<p>Uanset om du er en erfaren skytte eller en passioneret hobbyst, er KMR H\u00e5ndstops\u00e6ttet et n\u00f8dvendigt opgraderingstilbeh\u00f8r til dit skydev\u00e5ben. Forh\u00f8j din skydeoplevelse og tag dine f\u00e6rdigheder til nye h\u00f8jder med dette innovative og p\u00e5lidelige tilbeh\u00f8r.<\/p>\n","protected":false},"excerpt":{"rendered":"<p>KMR H\u00c5NDSTOP S\u00c6T, M-LOK, ALU, SORT &#8211; Forbedret rekylh\u00e5ndtering og v\u00e5benkontrol.<\/p>\n","protected":false},"featured_media":236513,"template":"","meta":{"_acf_changed":false},"product_brand":[11506],"product_cat":[13089,13139,13100,13097],"product_tag":[],"class_list":{"0":"post-691106","1":"product","2":"type-product","3":"status-publish","4":"has-post-thumbnail","6":"product_brand-kmr-precision","7":"product_cat-kmr-dele","8":"product_cat-riffel","9":"product_cat-riffel-tuning","10":"product_cat-riffelgreb","12":"first","13":"instock","14":"taxable","15":"shipping-taxable","16":"purchasable","17":"product-type-simple"},"acf":[],"_links":{"self":[{"href":"https:\/\/nbg.eu\/da\/wp-json\/wp\/v2\/product\/691106","targetHints":{"allow":["GET"]}}],"collection":[{"href":"https:\/\/nbg.eu\/da\/wp-json\/wp\/v2\/product"}],"about":[{"href":"https:\/\/nbg.eu\/da\/wp-json\/wp\/v2\/types\/product"}],"wp:featuredmedia":[{"embeddable":true,"href":"https:\/\/nbg.eu\/da\/wp-json\/wp\/v2\/media\/236513"}],"wp:attachment":[{"href":"https:\/\/nbg.eu\/da\/wp-json\/wp\/v2\/media?parent=691106"}],"wp:term":[{"taxonomy":"product_brand","embeddable":true,"href":"https:\/\/nbg.eu\/da\/wp-json\/wp\/v2\/product_brand?post=691106"},{"taxonomy":"product_cat","embeddable":true,"href":"https:\/\/nbg.eu\/da\/wp-json\/wp\/v2\/product_cat?post=691106"},{"taxonomy":"product_tag","embeddable":true,"href":"https:\/\/nbg.eu\/da\/wp-json\/wp\/v2\/product_tag?post=691106"}],"curies":[{"name":"wp","href":"https:\/\/api.w.org\/{rel}","templated":true}]}}