{"id":691159,"date":"2025-03-04T21:40:08","date_gmt":"2025-03-04T18:40:08","guid":{"rendered":"https:\/\/nbg.eu\/product\/kmr-qd-sling-swivel\/"},"modified":"2026-05-13T15:10:53","modified_gmt":"2026-05-13T12:10:53","slug":"kmr-qd-sling-swivel","status":"publish","type":"product","link":"https:\/\/nbg.eu\/da\/vare\/kmr-qd-sling-swivel\/","title":{"rendered":"KMR QD Remsvingel"},"content":{"rendered":"<h2>Hurtig montering, robust p\u00e5lidelighed: KMR Quick Detach (QD) selen svivel<\/h2>\n<p>Konstrueret til hurtig montering og robust p\u00e5lidelighed er KMR QD selen svivel den perfekte ledsager til dit skydev\u00e5ben. Fremstillet af h\u00f8jstyrke st\u00e5l har denne svivel en knaptryksudl\u00f8sningsmekanisme og 360 graders rotation, hvilket muligg\u00f8r n\u00e6sten \u00f8jeblikkelig montering eller fjernelse af en sele fra enhver QD-kompatibel socket, uanset om det er en M-LOK, en stock eller et h\u00e5ndgreb.<\/p>\n<p>Designet til at modst\u00e5 h\u00f8je tr\u00e6kkr\u00e6fter og h\u00e5rde feltbetingelser s\u00f8rger KMR QD selen svivel for, at dit riffel forbliver sikkert fastsp\u00e6ndt under dynamisk bev\u00e6gelse. Den sorte finish \u00f8ger desuden svivlens holdbarhed, s\u00e5 den er et p\u00e5lideligt valg til alle dine selemonterings behov.<\/p>\n","protected":false},"excerpt":{"rendered":"<p>KMR QD SLING SWIVEL, STANDART: Hurtig at montere\/afmontere.<\/p>\n","protected":false},"featured_media":236787,"template":"","meta":{"_acf_changed":false},"product_brand":[11506],"product_cat":[13075,13100,14931],"product_tag":[],"class_list":{"0":"post-691159","1":"product","2":"type-product","3":"status-publish","4":"has-post-thumbnail","6":"product_brand-kmr-precision","7":"product_cat-remme","8":"product_cat-riffel-tuning","9":"product_cat-sling-swivels-da","11":"first","12":"instock","13":"taxable","14":"shipping-taxable","15":"purchasable","16":"product-type-simple"},"acf":[],"_links":{"self":[{"href":"https:\/\/nbg.eu\/da\/wp-json\/wp\/v2\/product\/691159","targetHints":{"allow":["GET"]}}],"collection":[{"href":"https:\/\/nbg.eu\/da\/wp-json\/wp\/v2\/product"}],"about":[{"href":"https:\/\/nbg.eu\/da\/wp-json\/wp\/v2\/types\/product"}],"wp:featuredmedia":[{"embeddable":true,"href":"https:\/\/nbg.eu\/da\/wp-json\/wp\/v2\/media\/236787"}],"wp:attachment":[{"href":"https:\/\/nbg.eu\/da\/wp-json\/wp\/v2\/media?parent=691159"}],"wp:term":[{"taxonomy":"product_brand","embeddable":true,"href":"https:\/\/nbg.eu\/da\/wp-json\/wp\/v2\/product_brand?post=691159"},{"taxonomy":"product_cat","embeddable":true,"href":"https:\/\/nbg.eu\/da\/wp-json\/wp\/v2\/product_cat?post=691159"},{"taxonomy":"product_tag","embeddable":true,"href":"https:\/\/nbg.eu\/da\/wp-json\/wp\/v2\/product_tag?post=691159"}],"curies":[{"name":"wp","href":"https:\/\/api.w.org\/{rel}","templated":true}]}}