{"id":691185,"date":"2025-03-04T21:26:30","date_gmt":"2025-03-04T18:26:30","guid":{"rendered":"https:\/\/nbg.eu\/product\/kmr-rail-set-m-lok-alu\/"},"modified":"2026-02-05T16:29:20","modified_gmt":"2026-02-05T13:29:20","slug":"kmr-rail-set-m-lok-alu","status":"publish","type":"product","link":"https:\/\/nbg.eu\/da\/vare\/kmr-rail-set-m-lok-alu\/","title":{"rendered":"KMR RAIL S\u00c6T, M-LOK, ALU"},"content":{"rendered":"<h2>KMR RAIL SET, M-LOK, ALU<\/h2>\n<p>For\u00f8g fleksibiliteten af din M-LOK h\u00e5ndsk\u00e6rm med KMR RAIL SET, et robust og let tilbeh\u00f8rsmonterings l\u00f8sning. Fremstillet af h\u00f8jkvalitets 6061-T6 aluminium ved hj\u00e6lp af pr\u00e6cisions CNC-bearbejdning, tilbyder dette skinnes\u00e6t et standard Picatinny\/Mil-Std 1913 interface, hvilket g\u00f8r det muligt at fastg\u00f8re en bred vifte af taktiske tilbeh\u00f8r som lys, lasere, greb og bipoder p\u00e5 sikker vis.<\/p>\n<p>Det lavprofil, anodiseret sorte finish sikrer maksimal holdbarhed uden at tilf\u00f8je un\u00f8dvendig v\u00e6gt eller bulk til fronten af dit skydev\u00e5ben. Med det medf\u00f8lgende M-LOK monteringshardware kan du nemt integrere denne skinnetype i din eksisterende M-LOK h\u00e5ndsk\u00e6rm og skabe en modul\u00e6r og tilpasset platform, der opfylder dine specifikke behov.<\/p>\n<p>Uanset om du leder efter at forbedre dit v\u00e5bens funktionalitet eller bare \u00f8nsker en p\u00e5lidelig m\u00e5de at montere dine yndlingstilbeh\u00f8r p\u00e5, er KMR RAIL SET, M-LOK, ALU den perfekte l\u00f8sning. Designet til ydelse og holdbarhed, vil dette tilbeh\u00f8r hj\u00e6lpe dig med at tage din skydeoplevelse til et nyt niveau.<\/p>\n","protected":false},"excerpt":{"rendered":"<p>Modul\u00e6rt M-LOK skinnes\u00e6t i let og holdbart aluminium med Picatinny-gr\u00e6nseflade.<\/p>\n","protected":false},"featured_media":236676,"template":"","meta":{"_acf_changed":false},"product_brand":[11506],"product_cat":[14952,13075,13139,13100,13153],"product_tag":[],"class_list":{"0":"post-691185","1":"product","2":"type-product","3":"status-publish","4":"has-post-thumbnail","6":"product_brand-kmr-precision","7":"product_cat-m-lok-rail-systems-da","8":"product_cat-remme","9":"product_cat-riffel","10":"product_cat-riffel-tuning","11":"product_cat-skinner","13":"first","14":"instock","15":"taxable","16":"shipping-taxable","17":"purchasable","18":"product-type-variable","19":"wvs-archive-product-wrapper"},"acf":[],"_links":{"self":[{"href":"https:\/\/nbg.eu\/da\/wp-json\/wp\/v2\/product\/691185","targetHints":{"allow":["GET"]}}],"collection":[{"href":"https:\/\/nbg.eu\/da\/wp-json\/wp\/v2\/product"}],"about":[{"href":"https:\/\/nbg.eu\/da\/wp-json\/wp\/v2\/types\/product"}],"wp:featuredmedia":[{"embeddable":true,"href":"https:\/\/nbg.eu\/da\/wp-json\/wp\/v2\/media\/236676"}],"wp:attachment":[{"href":"https:\/\/nbg.eu\/da\/wp-json\/wp\/v2\/media?parent=691185"}],"wp:term":[{"taxonomy":"product_brand","embeddable":true,"href":"https:\/\/nbg.eu\/da\/wp-json\/wp\/v2\/product_brand?post=691185"},{"taxonomy":"product_cat","embeddable":true,"href":"https:\/\/nbg.eu\/da\/wp-json\/wp\/v2\/product_cat?post=691185"},{"taxonomy":"product_tag","embeddable":true,"href":"https:\/\/nbg.eu\/da\/wp-json\/wp\/v2\/product_tag?post=691185"}],"curies":[{"name":"wp","href":"https:\/\/api.w.org\/{rel}","templated":true}]}}