{"id":692212,"date":"2024-08-17T18:04:12","date_gmt":"2024-08-17T15:04:12","guid":{"rendered":"https:\/\/nbg.eu\/product\/magazine-catch-spring-kmr\/"},"modified":"2026-05-13T16:04:49","modified_gmt":"2026-05-13T13:04:49","slug":"magazine-catch-spring-kmr","status":"publish","type":"product","link":"https:\/\/nbg.eu\/da\/vare\/magazine-catch-spring-kmr\/","title":{"rendered":"KMR Magasinl\u00e5sfjeder"},"content":{"rendered":"<h2>Magasin Catch Spring KMR<\/h2>\n<p>Fremstillet med pr\u00e6cision og holdbarhed i tankerne sikrer Magasin Catch Spring et sikkert og p\u00e5lideligt magasinudl\u00f8sning, og giver en s\u00f8ml\u00f8s og effektiv oplevelse for v\u00e5benbrugere. Dens robuste konstruktion og p\u00e5lidelige ydeevne g\u00f8r den til et essentielt tilbeh\u00f8r til vedligeholdelse af funktionaliteten og ydelsen af din V\u00e5ben KMR-platform.<\/p>\n<p>Magasin Catch Spring KMR er et alsidigt og essentielt tilbeh\u00f8r til et bredt udvalg af V\u00e5ben KMR-modeller. Designet til at sikre et sikkert og p\u00e5lideligt magasinudl\u00f8sning.<\/p>\n<p>For V\u00e5ben KMR:<\/p>\n<p>KMR L-02 EMIQ<\/p>\n<p>KMR L-02 EMIQ (OR)<\/p>\n<p>KMR L-02 ORCA FRA 2024<\/p>\n<p>KMR L-02 ORCA INDTIL 2023<\/p>\n<p>KMR L-02 SPECTRA FRA 2024<\/p>\n<p>KMR L-02 SPECTRA INDTIL 2023<\/p>\n<p>KMR L-02 UMBRA (OR) SR<\/p>\n<p>KMR S-02 FRA 2024<\/p>\n<p>KMR S-02 INDTIL 2023<\/p>\n<p>KMR W-02 CUDA (OR)<\/p>\n<p>KMR W-02 UMBRA<\/p>\n<p>KMR W-02 UMBRA (OR)<\/p>\n","protected":false},"excerpt":{"rendered":"<p>Magasin Catch Spring KMR til KMR-serien v\u00e5ben.<\/p>\n","protected":false},"featured_media":24847,"template":"","meta":{"_acf_changed":false},"product_brand":[11506],"product_cat":[13107,13089],"product_tag":[],"class_list":{"0":"post-692212","1":"product","2":"type-product","3":"status-publish","4":"has-post-thumbnail","6":"product_brand-kmr-precision","7":"product_cat-fjedre","8":"product_cat-kmr-dele","10":"first","11":"instock","12":"taxable","13":"shipping-taxable","14":"product-type-simple"},"acf":[],"_links":{"self":[{"href":"https:\/\/nbg.eu\/da\/wp-json\/wp\/v2\/product\/692212","targetHints":{"allow":["GET"]}}],"collection":[{"href":"https:\/\/nbg.eu\/da\/wp-json\/wp\/v2\/product"}],"about":[{"href":"https:\/\/nbg.eu\/da\/wp-json\/wp\/v2\/types\/product"}],"wp:featuredmedia":[{"embeddable":true,"href":"https:\/\/nbg.eu\/da\/wp-json\/wp\/v2\/media\/24847"}],"wp:attachment":[{"href":"https:\/\/nbg.eu\/da\/wp-json\/wp\/v2\/media?parent=692212"}],"wp:term":[{"taxonomy":"product_brand","embeddable":true,"href":"https:\/\/nbg.eu\/da\/wp-json\/wp\/v2\/product_brand?post=692212"},{"taxonomy":"product_cat","embeddable":true,"href":"https:\/\/nbg.eu\/da\/wp-json\/wp\/v2\/product_cat?post=692212"},{"taxonomy":"product_tag","embeddable":true,"href":"https:\/\/nbg.eu\/da\/wp-json\/wp\/v2\/product_tag?post=692212"}],"curies":[{"name":"wp","href":"https:\/\/api.w.org\/{rel}","templated":true}]}}