{"id":692239,"date":"2024-08-18T11:19:07","date_gmt":"2024-08-18T08:19:07","guid":{"rendered":"https:\/\/nbg.eu\/product\/magazine-catch-spring-screw-kmr\/"},"modified":"2026-05-13T16:47:49","modified_gmt":"2026-05-13T13:47:49","slug":"magazine-catch-spring-screw-kmr","status":"publish","type":"product","link":"https:\/\/nbg.eu\/da\/vare\/magazine-catch-spring-screw-kmr\/","title":{"rendered":"KMR Skrue til Magasinl\u00e5sfjeder"},"content":{"rendered":"<h2>P\u00e5lidelig magasin-fangefjeder-skrue<\/h2>\n<p>Magasin-fangefjeder-skruen KMR er en vigtig komponent til v\u00e5bensystemer fra en r\u00e6kke forskellige producenter.<\/p>\n<p>Fremstillet efter de h\u00f8jeste standarder er denne skrue et perfekt valg for b\u00e5de v\u00e5benentusiaster og professionelle. Dens holdbare konstruktion og opm\u00e6rksomhed p\u00e5 detaljer g\u00f8r den til et must-have-tilbeh\u00f8r til enhver veludstyret v\u00e5bensamling.<\/p>\n<p>Til v\u00e5ben KMR:<\/p>\n<p>KMR L-02 EMIQ<\/p>\n<p>KMR L-02 EMIQ (OR)<\/p>\n<p>KMR L-02 ORCA FRA 2024<\/p>\n<p>KMR L-02 ORCA INDTIL 2023<\/p>\n<p>KMR L-02 SPECTRA FRA 2024<\/p>\n<p>KMR L-02 SPECTRA INDTIL 2023<\/p>\n<p>KMR L-02 UMBRA (OR) SR<\/p>\n<p>KMR S-01 LANCE (OR)<\/p>\n<p>KMR S-02 FRA 2024<\/p>\n<p>KMR S-02 INDTIL 2023<\/p>\n<p>KMR W-02 CUDA (OR)<\/p>\n<p>KMR W-02 UMBRA<\/p>\n<p>KMR W-02 UMBRA (OR).<\/p>\n","protected":false},"excerpt":{"rendered":"<p>Magasin Catch Fjeder Skrue til V\u00e5ben KMR.<\/p>\n","protected":false},"featured_media":25493,"template":"","meta":{"_acf_changed":false},"product_brand":[11506],"product_cat":[13107,13089],"product_tag":[],"class_list":{"0":"post-692239","1":"product","2":"type-product","3":"status-publish","4":"has-post-thumbnail","6":"product_brand-kmr-precision","7":"product_cat-fjedre","8":"product_cat-kmr-dele","10":"first","11":"instock","12":"taxable","13":"shipping-taxable","14":"product-type-simple"},"acf":[],"_links":{"self":[{"href":"https:\/\/nbg.eu\/da\/wp-json\/wp\/v2\/product\/692239","targetHints":{"allow":["GET"]}}],"collection":[{"href":"https:\/\/nbg.eu\/da\/wp-json\/wp\/v2\/product"}],"about":[{"href":"https:\/\/nbg.eu\/da\/wp-json\/wp\/v2\/types\/product"}],"wp:featuredmedia":[{"embeddable":true,"href":"https:\/\/nbg.eu\/da\/wp-json\/wp\/v2\/media\/25493"}],"wp:attachment":[{"href":"https:\/\/nbg.eu\/da\/wp-json\/wp\/v2\/media?parent=692239"}],"wp:term":[{"taxonomy":"product_brand","embeddable":true,"href":"https:\/\/nbg.eu\/da\/wp-json\/wp\/v2\/product_brand?post=692239"},{"taxonomy":"product_cat","embeddable":true,"href":"https:\/\/nbg.eu\/da\/wp-json\/wp\/v2\/product_cat?post=692239"},{"taxonomy":"product_tag","embeddable":true,"href":"https:\/\/nbg.eu\/da\/wp-json\/wp\/v2\/product_tag?post=692239"}],"curies":[{"name":"wp","href":"https:\/\/api.w.org\/{rel}","templated":true}]}}