{"id":692263,"date":"2024-08-17T15:08:24","date_gmt":"2024-08-17T12:08:24","guid":{"rendered":"https:\/\/nbg.eu\/product\/magazine-catch-pin-kmr-s\/"},"modified":"2026-05-13T16:01:52","modified_gmt":"2026-05-13T13:01:52","slug":"magazine-catch-pin-kmr-s","status":"publish","type":"product","link":"https:\/\/nbg.eu\/da\/vare\/magazine-catch-pin-kmr-s\/","title":{"rendered":"KMR Magasinl\u00e5spin S"},"content":{"rendered":"<h2>Sikker magasinopbevaring til din KMR-S pistol<\/h2>\n<p>S\u00f8rg for p\u00e5lidelig magasinydelse med den pr\u00e6cisionsbyggede magasinfangpind til din KMR-S (S-serie) pistol. Fremstillet af h\u00e6rdet st\u00e5l og med en holdbar, slidst\u00e6rk finish fungerer denne komponent som den interne forankring for din magasinfangsamling, hvilket sikrer konstant sp\u00e6nding p\u00e5 magasinudl\u00f8serknappen og forhindrer, at fangeren forskyder sig eller svigter under vibrationen fra hurtig affyring.<\/p>\n<p>Designet til en perfekt pasform p\u00e5 KMR S-serie-rammer opretholder magasinfangpinden den sikre placering og j\u00e6vne udskydning af dine magasiner, selv under de mest kr\u00e6vende skydesesioner. Stol p\u00e5 denne v\u00e6sentlige hardwareopgradering for at holde dit magasinudl\u00f8sersystem i topform, s\u00e5 du kan fokusere p\u00e5 opgaven uden at bekymre dig om magasinrelaterede fejl.<\/p>\n","protected":false},"excerpt":{"rendered":"<p>Pr\u00e6cisionsfremstillet st\u00e5lmagasinkaggepind til j\u00e6vn, sikker KMR-S-pistolmagasiner.<\/p>\n","protected":false},"featured_media":23964,"template":"","meta":{"_acf_changed":false},"product_brand":[11506],"product_cat":[13089],"product_tag":[],"class_list":{"0":"post-692263","1":"product","2":"type-product","3":"status-publish","4":"has-post-thumbnail","6":"product_brand-kmr-precision","7":"product_cat-kmr-dele","9":"first","10":"instock","11":"taxable","12":"shipping-taxable","13":"product-type-simple"},"acf":[],"_links":{"self":[{"href":"https:\/\/nbg.eu\/da\/wp-json\/wp\/v2\/product\/692263","targetHints":{"allow":["GET"]}}],"collection":[{"href":"https:\/\/nbg.eu\/da\/wp-json\/wp\/v2\/product"}],"about":[{"href":"https:\/\/nbg.eu\/da\/wp-json\/wp\/v2\/types\/product"}],"wp:featuredmedia":[{"embeddable":true,"href":"https:\/\/nbg.eu\/da\/wp-json\/wp\/v2\/media\/23964"}],"wp:attachment":[{"href":"https:\/\/nbg.eu\/da\/wp-json\/wp\/v2\/media?parent=692263"}],"wp:term":[{"taxonomy":"product_brand","embeddable":true,"href":"https:\/\/nbg.eu\/da\/wp-json\/wp\/v2\/product_brand?post=692263"},{"taxonomy":"product_cat","embeddable":true,"href":"https:\/\/nbg.eu\/da\/wp-json\/wp\/v2\/product_cat?post=692263"},{"taxonomy":"product_tag","embeddable":true,"href":"https:\/\/nbg.eu\/da\/wp-json\/wp\/v2\/product_tag?post=692263"}],"curies":[{"name":"wp","href":"https:\/\/api.w.org\/{rel}","templated":true}]}}