{"id":692308,"date":"2025-05-20T23:13:22","date_gmt":"2025-05-20T20:13:22","guid":{"rendered":"https:\/\/nbg.eu\/product\/magazine-mec-gar-cal-9x19-17-rnds\/"},"modified":"2026-05-13T16:02:54","modified_gmt":"2026-05-13T13:02:54","slug":"magazine-mec-gar-cal-9x19-17-rnds","status":"publish","type":"product","link":"https:\/\/nbg.eu\/da\/vare\/magazine-mec-gar-cal-9x19-17-rnds\/","title":{"rendered":"KMR Magasin MEC-GAR 9&#215;19 17 Ptr."},"content":{"rendered":"<h2>MAGASIN MEC-GAR kal. 9&#215;19 17 patroner<\/h2>\n<p>Reference: 1152-01901-0000<\/p>\n<p>H\u00f8jkapacitetsmagasin med 17 patroner til 9x19mm-pistoler. Kompatibel med forskellige KMR-modeller, herunder SPECTRA, UMBRA og CUDA (2023- og 2024-versioner). Passer ogs\u00e5 til CZ SHADOW 1, SHADOW 2 og SP-01-pistoler. P\u00e5lidelig f\u00f8deevne og robust konstruktion sikrer optimal ydelse for dit skydev\u00e5ben.<\/p>\n","protected":false},"excerpt":{"rendered":"<p>H\u00f8j-kapacitet 9mm magasin til KMR og CZ-pistoler. 17 skud.<\/p>\n","protected":false},"featured_media":365185,"template":"","meta":{"_acf_changed":false},"product_brand":[11506],"product_cat":[13089,13085],"product_tag":[],"class_list":{"0":"post-692308","1":"product","2":"type-product","3":"status-publish","4":"has-post-thumbnail","6":"product_brand-kmr-precision","7":"product_cat-kmr-dele","8":"product_cat-pistoldele","10":"first","11":"instock","12":"taxable","13":"shipping-taxable","14":"product-type-simple"},"acf":[],"_links":{"self":[{"href":"https:\/\/nbg.eu\/da\/wp-json\/wp\/v2\/product\/692308","targetHints":{"allow":["GET"]}}],"collection":[{"href":"https:\/\/nbg.eu\/da\/wp-json\/wp\/v2\/product"}],"about":[{"href":"https:\/\/nbg.eu\/da\/wp-json\/wp\/v2\/types\/product"}],"wp:featuredmedia":[{"embeddable":true,"href":"https:\/\/nbg.eu\/da\/wp-json\/wp\/v2\/media\/365185"}],"wp:attachment":[{"href":"https:\/\/nbg.eu\/da\/wp-json\/wp\/v2\/media?parent=692308"}],"wp:term":[{"taxonomy":"product_brand","embeddable":true,"href":"https:\/\/nbg.eu\/da\/wp-json\/wp\/v2\/product_brand?post=692308"},{"taxonomy":"product_cat","embeddable":true,"href":"https:\/\/nbg.eu\/da\/wp-json\/wp\/v2\/product_cat?post=692308"},{"taxonomy":"product_tag","embeddable":true,"href":"https:\/\/nbg.eu\/da\/wp-json\/wp\/v2\/product_tag?post=692308"}],"curies":[{"name":"wp","href":"https:\/\/api.w.org\/{rel}","templated":true}]}}