{"id":692337,"date":"2024-08-18T11:13:19","date_gmt":"2024-08-18T08:13:19","guid":{"rendered":"https:\/\/nbg.eu\/product\/magwell-screw-m4x8-din-915-kmr\/"},"modified":"2026-05-13T15:11:13","modified_gmt":"2026-05-13T12:11:13","slug":"magwell-screw-m4x8-din-915-kmr","status":"publish","type":"product","link":"https:\/\/nbg.eu\/da\/vare\/magwell-screw-m4x8-din-915-kmr\/","title":{"rendered":"KMR Magwell-skrue M4x8 DIN 915"},"content":{"rendered":"<h2>Magwell-skrue M4X8 Din 915 KMR &#8211; Sikre v\u00e5bentilbeh\u00f8r til KMR-modeller<\/h2>\n<p>Magwell-skruen er en v\u00e6sentlig komponent til at fastg\u00f8re tilbeh\u00f8r og tilkoblinger sikkert til dine KMR-v\u00e5bensystemer.<\/p>\n<p>Fremstillet af kvalitetsmaterialer og bygget til at modst\u00e5 belastningerne ved taktisk brug sikrer Magwell-skruen en t\u00e6t og sikker pasform, hvilket forhindrer, at dine tilkoblinger l\u00f8sner sig eller g\u00e5r l\u00f8s under brug. Dens M4x8 Din 915-gevind giver en robust og p\u00e5lidelig forbindelse, hvilket g\u00f8r det muligt at montere sigter, lasere, lys og andet v\u00e6sentligt udstyr p\u00e5 din KMR-platform med tillid.<\/p>\n<p>Magwell-skruen er et n\u00f8dvendigt tilbeh\u00f8r til at forbedre funktionaliteten og tilpasningen af dit v\u00e5bensystem. S\u00f8rg for, at dine tilkoblinger forbliver fast p\u00e5 plads og oprethold optimal ydeevne med denne p\u00e5lidelige og holdbare skrue.<\/p>\n","protected":false},"excerpt":{"rendered":"<p>Magvel skrue M4x8 Din 915 til KMR L-02 EMIQ, ORCA modeller.<\/p>\n","protected":false},"featured_media":25423,"template":"","meta":{"_acf_changed":false},"product_brand":[11506],"product_cat":[13109,14973,13085],"product_tag":[],"class_list":{"0":"post-692337","1":"product","2":"type-product","3":"status-publish","4":"has-post-thumbnail","6":"product_brand-kmr-precision","7":"product_cat-pistol","8":"product_cat-pistol-magwells-da","9":"product_cat-pistoldele","11":"first","12":"instock","13":"taxable","14":"shipping-taxable","15":"product-type-simple"},"acf":[],"_links":{"self":[{"href":"https:\/\/nbg.eu\/da\/wp-json\/wp\/v2\/product\/692337","targetHints":{"allow":["GET"]}}],"collection":[{"href":"https:\/\/nbg.eu\/da\/wp-json\/wp\/v2\/product"}],"about":[{"href":"https:\/\/nbg.eu\/da\/wp-json\/wp\/v2\/types\/product"}],"wp:featuredmedia":[{"embeddable":true,"href":"https:\/\/nbg.eu\/da\/wp-json\/wp\/v2\/media\/25423"}],"wp:attachment":[{"href":"https:\/\/nbg.eu\/da\/wp-json\/wp\/v2\/media?parent=692337"}],"wp:term":[{"taxonomy":"product_brand","embeddable":true,"href":"https:\/\/nbg.eu\/da\/wp-json\/wp\/v2\/product_brand?post=692337"},{"taxonomy":"product_cat","embeddable":true,"href":"https:\/\/nbg.eu\/da\/wp-json\/wp\/v2\/product_cat?post=692337"},{"taxonomy":"product_tag","embeddable":true,"href":"https:\/\/nbg.eu\/da\/wp-json\/wp\/v2\/product_tag?post=692337"}],"curies":[{"name":"wp","href":"https:\/\/api.w.org\/{rel}","templated":true}]}}