{"id":692554,"date":"2024-08-17T14:54:00","date_gmt":"2024-08-17T11:54:00","guid":{"rendered":"https:\/\/nbg.eu\/product\/mag-release-button-wide-kmr-alu-black\/"},"modified":"2026-05-13T15:58:15","modified_gmt":"2026-05-13T12:58:15","slug":"mag-release-button-wide-kmr-alu-black","status":"publish","type":"product","link":"https:\/\/nbg.eu\/da\/vare\/mag-release-button-wide-kmr-alu-black\/","title":{"rendered":"KMR Magasinudl\u00f8serknap Bred ALU Sort"},"content":{"rendered":"<h2>Mag Release Button Wide \u2013 KMR Aluminum, Sort<\/h2>\n<p>L\u00e5s lynhurtige magasinskift op med Mag Release Button Wide fra KMR Aluminum. Fremstillet af letl\u00e6gtsaluminium i flyvemaskingkvalitet og med et bredt, oversized kontaktareal, giver denne magasinudl\u00f8serknap maksimal kontakt til din tommelfinger, hvilket sikrer en positiv aktivering selv under de mest kr\u00e6vende forhold.<\/p>\n<p>Den aggressive, skridsikre tekstur giver et sikkert greb, mens den matsorte anodiserede finish giver et elegant, taktisk udseende. Designet til at minimere transitionstider for konkurrenceskydning i IPSC\/USPSA, tillader det brede profil skytter at slippe magasiner uden at skifte deres prim\u00e6re greb, hvilket betydeligt forbedrer genladningshastigheder.<\/p>\n<p>Uanset om du tr\u00e6ner til konkurrence eller forfiner dine forsvarsevner, er Mag Release Button Wide fra KMR Aluminum det ultimative opgraderingsprodukt til dit skydev\u00e5ben, der leverer forbedret ergonomisk r\u00e6kkevidde og uovertruffen ydelse, n\u00e5r det betyder mest.<\/p>\n","protected":false},"excerpt":{"rendered":"<p>Forst\u00f8rret magasinudl\u00f8serknap til lynhurtige magainskift.<\/p>\n","protected":false},"featured_media":23843,"template":"","meta":{"_acf_changed":false},"product_brand":[11506],"product_cat":[13089],"product_tag":[],"class_list":{"0":"post-692554","1":"product","2":"type-product","3":"status-publish","4":"has-post-thumbnail","6":"product_brand-kmr-precision","7":"product_cat-kmr-dele","9":"first","10":"instock","11":"taxable","12":"shipping-taxable","13":"product-type-simple"},"acf":[],"_links":{"self":[{"href":"https:\/\/nbg.eu\/da\/wp-json\/wp\/v2\/product\/692554","targetHints":{"allow":["GET"]}}],"collection":[{"href":"https:\/\/nbg.eu\/da\/wp-json\/wp\/v2\/product"}],"about":[{"href":"https:\/\/nbg.eu\/da\/wp-json\/wp\/v2\/types\/product"}],"wp:featuredmedia":[{"embeddable":true,"href":"https:\/\/nbg.eu\/da\/wp-json\/wp\/v2\/media\/23843"}],"wp:attachment":[{"href":"https:\/\/nbg.eu\/da\/wp-json\/wp\/v2\/media?parent=692554"}],"wp:term":[{"taxonomy":"product_brand","embeddable":true,"href":"https:\/\/nbg.eu\/da\/wp-json\/wp\/v2\/product_brand?post=692554"},{"taxonomy":"product_cat","embeddable":true,"href":"https:\/\/nbg.eu\/da\/wp-json\/wp\/v2\/product_cat?post=692554"},{"taxonomy":"product_tag","embeddable":true,"href":"https:\/\/nbg.eu\/da\/wp-json\/wp\/v2\/product_tag?post=692554"}],"curies":[{"name":"wp","href":"https:\/\/api.w.org\/{rel}","templated":true}]}}