{"id":692600,"date":"2024-11-03T10:02:34","date_gmt":"2024-11-03T07:02:34","guid":{"rendered":"https:\/\/nbg.eu\/product\/norma-cal-6-5-creedmoore-target-match-8-4g-130gr\/"},"modified":"2026-05-13T16:04:50","modified_gmt":"2026-05-13T13:04:50","slug":"norma-cal-6-5-creedmoore-target-match-8-4g-130gr","status":"publish","type":"product","link":"https:\/\/nbg.eu\/da\/vare\/norma-cal-6-5-creedmoore-target-match-8-4g-130gr\/","title":{"rendered":"NORMA cal. 6.5 Creedmoore Target Match 8.4g\/130gr."},"content":{"rendered":"<h2>NORMA cal. 6.5 Creedmoore Target Match 8.4g\/130gr<\/h2>\n<p>Oplev pr\u00e6cision med NORMA 6.5 Creedmoor Target Match ammunition. Udviklet i 2007 er denne patron fremragende til langtr\u00e6ks m\u00e5lskydning og jagt. 6.5mm kuglerne har fremragende sektionelle t\u00e6theder og ballistiske koefficienter, hvilket sikrer overlegen ydelse over lange afstande.<\/p>\n<h3>Funktioner:<\/h3>\n<ul>\n<li>Kaliber: 6.5 Creedmoor<\/li>\n<li>V\u00e6gt: 8.4g\/130gr<\/li>\n<li>Ballistisk koefficient: G1 0.548 \/ G7 0.294<\/li>\n<li>Type: Golden Target<\/li>\n<li>Ant\u00e6ndelse: Centerfire<\/li>\n<\/ul>\n<h3>Hastighed:<\/h3>\n<ul>\n<li>V0: 869 m\/s<\/li>\n<li>V100: 813 m\/s<\/li>\n<li>V200: 759 m\/s<\/li>\n<li>V300: 708 m\/s<\/li>\n<\/ul>\n","protected":false},"excerpt":{"rendered":"<p>Pr\u00e6cisions 6.5 Creedmoor ammunition til langtr\u00e6kkende m\u00e5ludskydning.<\/p>\n","protected":false},"featured_media":76691,"template":"","meta":{"_acf_changed":false},"product_brand":[14468],"product_cat":[13152],"product_tag":[],"class_list":{"0":"post-692600","1":"product","2":"type-product","3":"status-publish","4":"has-post-thumbnail","6":"product_brand-norma-precision","7":"product_cat-riffel-ammunition","9":"first","10":"instock","11":"taxable","12":"shipping-taxable","13":"purchasable","14":"product-type-simple"},"acf":[],"_links":{"self":[{"href":"https:\/\/nbg.eu\/da\/wp-json\/wp\/v2\/product\/692600","targetHints":{"allow":["GET"]}}],"collection":[{"href":"https:\/\/nbg.eu\/da\/wp-json\/wp\/v2\/product"}],"about":[{"href":"https:\/\/nbg.eu\/da\/wp-json\/wp\/v2\/types\/product"}],"wp:featuredmedia":[{"embeddable":true,"href":"https:\/\/nbg.eu\/da\/wp-json\/wp\/v2\/media\/76691"}],"wp:attachment":[{"href":"https:\/\/nbg.eu\/da\/wp-json\/wp\/v2\/media?parent=692600"}],"wp:term":[{"taxonomy":"product_brand","embeddable":true,"href":"https:\/\/nbg.eu\/da\/wp-json\/wp\/v2\/product_brand?post=692600"},{"taxonomy":"product_cat","embeddable":true,"href":"https:\/\/nbg.eu\/da\/wp-json\/wp\/v2\/product_cat?post=692600"},{"taxonomy":"product_tag","embeddable":true,"href":"https:\/\/nbg.eu\/da\/wp-json\/wp\/v2\/product_tag?post=692600"}],"curies":[{"name":"wp","href":"https:\/\/api.w.org\/{rel}","templated":true}]}}