{"id":692633,"date":"2025-03-07T13:29:53","date_gmt":"2025-03-07T10:29:53","guid":{"rendered":"https:\/\/nbg.eu\/product\/nitehog-18650-rechargeable-battery\/"},"modified":"2026-05-13T16:02:18","modified_gmt":"2026-05-13T13:02:18","slug":"nitehog-18650-rechargeable-battery","status":"publish","type":"product","link":"https:\/\/nbg.eu\/da\/vare\/nitehog-18650-rechargeable-battery\/","title":{"rendered":"Nitehog 18650 Rechargeable Battery"},"content":{"rendered":"<h2>Nitehog 18650 genopladelig Li-ion-batteri: P\u00e5lidelig str\u00f8m til varmebillede og nattesynsudstyr<\/h2>\n<p>Udnyt det fulde potentiale af dit Nitehog termisk optik og nattesynsudstyr med Nitehog 18650 genopladelig Li-ion-batteri. Med en h\u00f8j kapacitet p\u00e5 typisk 3500mAh leverer dette batteri en konstant, h\u00f8jstr\u00f8ms afladning, som er afg\u00f8rende for avancerede digitale sensorer og termiske kerner.<\/p>\n<p>Designet til optimal ydeevne har Nitehog 18650-batteriet en nominel sp\u00e6nding p\u00e5 3,7V og en integreret beskyttelseskreds (PCB) for at forhindre overopladning og dybdeafladning. Denne beskyttelse sikrer maksimal levetid og sikkerhed, s\u00e5 du kan have tillid til denne str\u00f8mkilde under lange jagtaktiviteter om natten eller taktiske operationer.<\/p>\n<p>Uanset om du jagter bytte i det vilde eller udf\u00f8rer skjulte operationer, giver Nitehog 18650 genopladelige batteri den p\u00e5lidelige, h\u00f8jkapacitets str\u00f8m, som dine enheder kr\u00e6ver. Oplev uafbrudt ydeevne og den tillid, der f\u00f8lger med et beskyttet design, hvilket g\u00f8r det til den perfekte ledsager for dit Nitehog termisk billede og nattesynsudstyr.<\/p>\n","protected":false},"excerpt":{"rendered":"<p>Nitehog 18650 genopladelig Li-ion-batteri: H\u00f8jkapacitet, p\u00e5lidelig str\u00f8m til termisk\/nattelysudstyr.<\/p>\n","protected":false},"featured_media":246172,"template":"","meta":{"_acf_changed":false},"product_brand":[11585],"product_cat":[13150,13115,13090,13110],"product_tag":[],"class_list":{"0":"post-692633","1":"product","2":"type-product","3":"status-publish","4":"has-post-thumbnail","6":"product_brand-nitehog","7":"product_cat-batterier","8":"product_cat-sigtetilbehor","9":"product_cat-sigtning","10":"product_cat-termisk","12":"first","13":"instock","14":"taxable","15":"shipping-taxable","16":"purchasable","17":"product-type-simple"},"acf":[],"_links":{"self":[{"href":"https:\/\/nbg.eu\/da\/wp-json\/wp\/v2\/product\/692633","targetHints":{"allow":["GET"]}}],"collection":[{"href":"https:\/\/nbg.eu\/da\/wp-json\/wp\/v2\/product"}],"about":[{"href":"https:\/\/nbg.eu\/da\/wp-json\/wp\/v2\/types\/product"}],"wp:featuredmedia":[{"embeddable":true,"href":"https:\/\/nbg.eu\/da\/wp-json\/wp\/v2\/media\/246172"}],"wp:attachment":[{"href":"https:\/\/nbg.eu\/da\/wp-json\/wp\/v2\/media?parent=692633"}],"wp:term":[{"taxonomy":"product_brand","embeddable":true,"href":"https:\/\/nbg.eu\/da\/wp-json\/wp\/v2\/product_brand?post=692633"},{"taxonomy":"product_cat","embeddable":true,"href":"https:\/\/nbg.eu\/da\/wp-json\/wp\/v2\/product_cat?post=692633"},{"taxonomy":"product_tag","embeddable":true,"href":"https:\/\/nbg.eu\/da\/wp-json\/wp\/v2\/product_tag?post=692633"}],"curies":[{"name":"wp","href":"https:\/\/api.w.org\/{rel}","templated":true}]}}