{"id":692658,"date":"2024-08-17T14:49:07","date_gmt":"2024-08-17T11:49:07","guid":{"rendered":"https:\/\/nbg.eu\/product\/mounting-kit-for-l-02-w-02-steel-black\/"},"modified":"2026-05-13T16:01:41","modified_gmt":"2026-05-13T13:01:41","slug":"mounting-kit-for-l-02-w-02-steel-black","status":"publish","type":"product","link":"https:\/\/nbg.eu\/da\/vare\/mounting-kit-for-l-02-w-02-steel-black\/","title":{"rendered":"KMR Monteringss\u00e6t for L-02, W-02 St\u00e5l Sort"},"content":{"rendered":"<h2>KMR Optic Ready (OR) Monteringss\u00e6t \u2013 St\u00e5l, Sort<\/h2>\n<p>Opgrad\u00e9r dine L-02 og W-02 KMR platforme med KMR Optic Ready (OR) Monteringss\u00e6ttet. Fr\u00e6set af h\u00f8jstyrke st\u00e5l leverer denne monteringsl\u00f8sning en uovertruffen holdbarhed og stivhed for at sikre, at din optik bibeholder nulstilling, selv under de intense tilbagekast ved konkurrenceskydning.<\/p>\n<p>Med et model-specifikt fodaftryk er OR Monteringss\u00e6ttet designet til at passe sikkert p\u00e5 Trijicon RMR, Leupold DeltaPoint Pro eller Shield optikker, og giver et solidt fundament for dit sigtesystem. I mods\u00e6tning til standardaluminiumplader, forhindrer st\u00e5lets konstruktion afskruedegevind og opretholder en perfekt pasform til L-02 og W-02 Optic Ready glidebaner, og beskytter dermed din investering.<\/p>\n<p>Afsluttet med en mat sort, anti-korrosiv bel\u00e6gning, ikke kun kl\u00e6der dette monteringss\u00e6t sig godt, men det modst\u00e5r ogs\u00e5 elementerne, hvilket sikrer p\u00e5lidelig ydelse under alle forhold. Opgrad\u00e9r din KMR platform med KMR Optic Ready (OR) Monteringss\u00e6ttet &#8211; den ultimative l\u00f8sning til holdbar optisk integration.<\/p>\n","protected":false},"excerpt":{"rendered":"<p>H\u00f8jstyrke st\u00e5ls\u00e6tmonteringss\u00e6t til L-02, W-02 KMR optisk integration.<\/p>\n","protected":false},"featured_media":30362,"template":"","meta":{"_acf_changed":false},"product_brand":[],"product_cat":[13089,13121,13085,14892],"product_tag":[],"class_list":{"0":"post-692658","1":"product","2":"type-product","3":"status-publish","4":"has-post-thumbnail","6":"product_cat-kmr-dele","7":"product_cat-pistol-dots","8":"product_cat-pistoldele","9":"product_cat-red-dot-sights-mounts-da","11":"first","12":"instock","13":"taxable","14":"shipping-taxable","15":"purchasable","16":"product-type-variable","17":"wvs-archive-product-wrapper"},"acf":[],"_links":{"self":[{"href":"https:\/\/nbg.eu\/da\/wp-json\/wp\/v2\/product\/692658","targetHints":{"allow":["GET"]}}],"collection":[{"href":"https:\/\/nbg.eu\/da\/wp-json\/wp\/v2\/product"}],"about":[{"href":"https:\/\/nbg.eu\/da\/wp-json\/wp\/v2\/types\/product"}],"wp:featuredmedia":[{"embeddable":true,"href":"https:\/\/nbg.eu\/da\/wp-json\/wp\/v2\/media\/30362"}],"wp:attachment":[{"href":"https:\/\/nbg.eu\/da\/wp-json\/wp\/v2\/media?parent=692658"}],"wp:term":[{"taxonomy":"product_brand","embeddable":true,"href":"https:\/\/nbg.eu\/da\/wp-json\/wp\/v2\/product_brand?post=692658"},{"taxonomy":"product_cat","embeddable":true,"href":"https:\/\/nbg.eu\/da\/wp-json\/wp\/v2\/product_cat?post=692658"},{"taxonomy":"product_tag","embeddable":true,"href":"https:\/\/nbg.eu\/da\/wp-json\/wp\/v2\/product_tag?post=692658"}],"curies":[{"name":"wp","href":"https:\/\/api.w.org\/{rel}","templated":true}]}}