{"id":692940,"date":"2024-11-02T11:43:26","date_gmt":"2024-11-02T08:43:26","guid":{"rendered":"https:\/\/nbg.eu\/product\/norma-308-win-whitetail-150gr-soft-point-hunting-ammo\/"},"modified":"2026-05-13T16:03:40","modified_gmt":"2026-05-13T13:03:40","slug":"norma-308-win-whitetail-150gr-soft-point-hunting-ammo","status":"publish","type":"product","link":"https:\/\/nbg.eu\/da\/vare\/norma-308-win-whitetail-150gr-soft-point-hunting-ammo\/","title":{"rendered":"NORMA .308 Win Whitetail 150gr Soft Point Hunting Ammo"},"content":{"rendered":"<div class=\"product-description\">\n<h2>NORMA cal. .308 Win SP Whitetail 9,7g\/150gr<\/h2>\n<p>Oplev pr\u00e6cision og ydeevne i topklasse med NORMA&#8217;s .308 Win SP Whitetail ammunition. Denne 150gr (9,7g) Soft Point kugle tilbyder:<\/p>\n<ul>\n<li>Fremragende pr\u00e6cision til jagt p\u00e5 hjorte og storvildt<\/li>\n<li>Flad base-design for konsistent ydelse<\/li>\n<li>Udsat blyspids for hurtig ekspansion<\/li>\n<li>Dyb penetration og effektiv energioverf\u00f8rsel<\/li>\n<\/ul>\n<h3>N\u00f8glespecifikationer:<\/h3>\n<ul>\n<li>Produktnummer: 20177382<\/li>\n<li>Kaliber: .308 Win<\/li>\n<li>V\u00e6gt: 9,7g\/150gr<\/li>\n<li>Ballistisk koefficient (G1): 0,274<\/li>\n<li>L\u00f8bsmundingshastighed (V0): 850 m\/s<\/li>\n<\/ul>\n<p>Fremstillet i \u00c5motfors, Sverige, med NORMA&#8217;s anerkendte pr\u00e6cision og h\u00f8j kvalitet messingpatroner, sikrer denne ammunition overlegen konsistens og fremragende genladningsegenskaber.<\/p>\n<\/div>\n<div class=\"panel panel--no-padding\">\n<div class=\"panel__inner\">\n<table class=\"ballistic-table\">\n<thead>\n<tr>\n<th scope=\"col\"><\/th>\n<th scope=\"col\">50yds<\/th>\n<th scope=\"col\">75yds<\/th>\n<th scope=\"col\">100yds<\/th>\n<th scope=\"col\">150yds<\/th>\n<th scope=\"col\">200yds<\/th>\n<th scope=\"col\">300yds<\/th>\n<\/tr>\n<\/thead>\n<tbody>\n<tr>\n<th scope=\"row\">50<\/th>\n<td><\/td>\n<td>0<\/td>\n<td>0,4<\/td>\n<td>-0,7<\/td>\n<td>-3,3<\/td>\n<td>-14,4<\/td>\n<\/tr>\n<tr>\n<th scope=\"row\">100<\/th>\n<td>-0,2<\/td>\n<td>&#8211;<\/td>\n<td><\/td>\n<td>-1,2<\/td>\n<td>-4<\/td>\n<td>-15,5<\/td>\n<\/tr>\n<tr>\n<th scope=\"row\">150<\/th>\n<td>0,2<\/td>\n<td>&#8211;<\/td>\n<td>0,8<\/td>\n<td><\/td>\n<td>-2,4<\/td>\n<td>-13<\/td>\n<\/tr>\n<tr>\n<th scope=\"row\">200<\/th>\n<td>0,8<\/td>\n<td>&#8211;<\/td>\n<td>2<\/td>\n<td>1,8<\/td>\n<td><\/td>\n<td>-9,4<\/td>\n<\/tr>\n<\/tbody>\n<\/table>\n<\/div>\n<\/div>\n","protected":false},"excerpt":{"rendered":"<p>NORMA .308 Win SP Whitetail: Pr\u00e6cis og kraftig ammunition til hjortejagt.<\/p>\n","protected":false},"featured_media":76621,"template":"","meta":{"_acf_changed":false},"product_brand":[14468],"product_cat":[13142],"product_tag":[],"class_list":{"0":"post-692940","1":"product","2":"type-product","3":"status-publish","4":"has-post-thumbnail","6":"product_brand-norma-precision","7":"product_cat-ammunition","9":"first","10":"instock","11":"taxable","12":"shipping-taxable","13":"purchasable","14":"product-type-simple"},"acf":[],"_links":{"self":[{"href":"https:\/\/nbg.eu\/da\/wp-json\/wp\/v2\/product\/692940","targetHints":{"allow":["GET"]}}],"collection":[{"href":"https:\/\/nbg.eu\/da\/wp-json\/wp\/v2\/product"}],"about":[{"href":"https:\/\/nbg.eu\/da\/wp-json\/wp\/v2\/types\/product"}],"wp:featuredmedia":[{"embeddable":true,"href":"https:\/\/nbg.eu\/da\/wp-json\/wp\/v2\/media\/76621"}],"wp:attachment":[{"href":"https:\/\/nbg.eu\/da\/wp-json\/wp\/v2\/media?parent=692940"}],"wp:term":[{"taxonomy":"product_brand","embeddable":true,"href":"https:\/\/nbg.eu\/da\/wp-json\/wp\/v2\/product_brand?post=692940"},{"taxonomy":"product_cat","embeddable":true,"href":"https:\/\/nbg.eu\/da\/wp-json\/wp\/v2\/product_cat?post=692940"},{"taxonomy":"product_tag","embeddable":true,"href":"https:\/\/nbg.eu\/da\/wp-json\/wp\/v2\/product_tag?post=692940"}],"curies":[{"name":"wp","href":"https:\/\/api.w.org\/{rel}","templated":true}]}}