{"id":692973,"date":"2024-09-17T08:37:52","date_gmt":"2024-09-17T05:37:52","guid":{"rendered":"https:\/\/nbg.eu\/product\/or-cover-22-lr-screw-m3x6-iso-14580-kmr\/"},"modified":"2026-05-13T16:02:37","modified_gmt":"2026-05-13T13:02:37","slug":"or-cover-22-lr-screw-m3x6-iso-14580-kmr","status":"publish","type":"product","link":"https:\/\/nbg.eu\/da\/vare\/or-cover-22-lr-screw-m3x6-iso-14580-kmr\/","title":{"rendered":"KMR Skrue til OR-d\u00e6ksel .22 LR M3x6 ISO 14580"},"content":{"rendered":"<h2>OR COVER 22 LR SKRUE M3x6 ISO 14580 KMR<\/h2>\n<p>OR COVER 22 LR SKRUE M3x6 ISO 14580 KMR er en kritisk komponent til en r\u00e6kke KMR-v\u00e5bensystemer. Designet til pr\u00e6cise ISO 14580-specifikationer sikrer denne skrue en sikker og p\u00e5lidelig forbindelse, hvilket opretholder integriteten af dit v\u00e5bensystem.<\/p>\n<p>Til v\u00e5ben KMR:<\/p>\n<p>KMR S-01 LANCE (OR)<\/p>\n<p>KMR S-02 75 (OR) SR ADA<\/p>\n<p>KMR S-02 FRA 2024<\/p>\n<p>KMR S-02 SH1 (OR) SR ADA<\/p>\n<p>KMR S-02 SH2 (OR) SR ADA<\/p>\n<p>KMR S-02 TS (OR) SR ADA<\/p>\n<p>KMR S-02 INDTIL 2023<\/p>\n","protected":false},"excerpt":{"rendered":"<p>OR COVER 22 LR SKRUE M3x6 ISO 14580 KMR til KMR-serien af v\u00e5ben.<\/p>\n","protected":false},"featured_media":63649,"template":"","meta":{"_acf_changed":false},"product_brand":[11506],"product_cat":[13089],"product_tag":[],"class_list":{"0":"post-692973","1":"product","2":"type-product","3":"status-publish","4":"has-post-thumbnail","6":"product_brand-kmr-precision","7":"product_cat-kmr-dele","9":"first","10":"instock","11":"taxable","12":"shipping-taxable","13":"product-type-simple"},"acf":[],"_links":{"self":[{"href":"https:\/\/nbg.eu\/da\/wp-json\/wp\/v2\/product\/692973","targetHints":{"allow":["GET"]}}],"collection":[{"href":"https:\/\/nbg.eu\/da\/wp-json\/wp\/v2\/product"}],"about":[{"href":"https:\/\/nbg.eu\/da\/wp-json\/wp\/v2\/types\/product"}],"wp:featuredmedia":[{"embeddable":true,"href":"https:\/\/nbg.eu\/da\/wp-json\/wp\/v2\/media\/63649"}],"wp:attachment":[{"href":"https:\/\/nbg.eu\/da\/wp-json\/wp\/v2\/media?parent=692973"}],"wp:term":[{"taxonomy":"product_brand","embeddable":true,"href":"https:\/\/nbg.eu\/da\/wp-json\/wp\/v2\/product_brand?post=692973"},{"taxonomy":"product_cat","embeddable":true,"href":"https:\/\/nbg.eu\/da\/wp-json\/wp\/v2\/product_cat?post=692973"},{"taxonomy":"product_tag","embeddable":true,"href":"https:\/\/nbg.eu\/da\/wp-json\/wp\/v2\/product_tag?post=692973"}],"curies":[{"name":"wp","href":"https:\/\/api.w.org\/{rel}","templated":true}]}}