{"id":693517,"date":"2024-08-16T21:03:31","date_gmt":"2024-08-16T18:03:31","guid":{"rendered":"https:\/\/nbg.eu\/product\/rhh-leg-strap\/"},"modified":"2026-05-13T16:03:28","modified_gmt":"2026-05-13T13:03:28","slug":"rhh-leg-strap","status":"publish","type":"product","link":"https:\/\/nbg.eu\/da\/vare\/rhh-leg-strap\/","title":{"rendered":"RHH Leg Strap"},"content":{"rendered":"<h2>RHH Benb\u00e5nd: Forst\u00e6rket holsterStabilitet til dynamiske aktiviteter<\/h2>\n<p>RHH Benb\u00e5ndet er et alsidigt tilbeh\u00f8r, der er designet til at give eksceptionel stabilitet og bev\u00e6gelsesreduktion for drop-ben- eller midterridge-holdere under dynamiske aktiviteter. Fremstillet af kraftigt elastisk nylonv\u00e6v og med en h\u00f8jimpakt polymersp\u00e6nde, giver dette justerbare b\u00e5nd en sikker og behagelig pasform omkring dit l\u00e5r.<\/p>\n<p>Den integrerede skridsikre gummerede syning tilf\u00f8jer en gribbar tekstur, hvilket effektivt eliminerer &#8220;holsterflop&#8221;, der kan forekomme under l\u00f8b, kn\u00e6b\u00f8jninger eller andre intense bev\u00e6gelser. Den elastiske konstruktion g\u00f8r, at b\u00e5ndet kan udvide og tr\u00e6kke sig sammen med dine l\u00e5rmuskler, og holder holsteren i en konsistent position for en p\u00e5lidelig og uhindret tr\u00e6kning.<\/p>\n<p>Uanset om du er en aktiv tjenesteg\u00f8rende politibetjent, en konkurrenceskydekyndig eller en ivrig outdoorsmand, er RHH Benb\u00e5ndet den perfekte l\u00f8sning til at holde din holster fast p\u00e5 plads uden at begr\u00e6nse dit bev\u00e6gelsesomr\u00e5de eller din cirkulation. Oplev forst\u00e6rket holsterstabilitet og tillid til dit udstyr, selv i de mest kr\u00e6vende situationer.<\/p>\n","protected":false},"excerpt":{"rendered":"<p>Sikr din hylster med RHH&#8217;s benstrop af holdbart elastisk nylon og skridsikker design.<\/p>\n","protected":false},"featured_media":0,"template":"","meta":{"_acf_changed":false},"product_brand":[11631],"product_cat":[13120],"product_tag":[],"class_list":{"0":"post-693517","1":"product","2":"type-product","3":"status-publish","5":"product_brand-rh-holsters","6":"product_cat-hylstertilbehor","8":"first","9":"instock","10":"taxable","11":"shipping-taxable","12":"purchasable","13":"product-type-simple"},"acf":[],"_links":{"self":[{"href":"https:\/\/nbg.eu\/da\/wp-json\/wp\/v2\/product\/693517","targetHints":{"allow":["GET"]}}],"collection":[{"href":"https:\/\/nbg.eu\/da\/wp-json\/wp\/v2\/product"}],"about":[{"href":"https:\/\/nbg.eu\/da\/wp-json\/wp\/v2\/types\/product"}],"wp:attachment":[{"href":"https:\/\/nbg.eu\/da\/wp-json\/wp\/v2\/media?parent=693517"}],"wp:term":[{"taxonomy":"product_brand","embeddable":true,"href":"https:\/\/nbg.eu\/da\/wp-json\/wp\/v2\/product_brand?post=693517"},{"taxonomy":"product_cat","embeddable":true,"href":"https:\/\/nbg.eu\/da\/wp-json\/wp\/v2\/product_cat?post=693517"},{"taxonomy":"product_tag","embeddable":true,"href":"https:\/\/nbg.eu\/da\/wp-json\/wp\/v2\/product_tag?post=693517"}],"curies":[{"name":"wp","href":"https:\/\/api.w.org\/{rel}","templated":true}]}}