{"id":694136,"date":"2024-08-17T18:11:52","date_gmt":"2024-08-17T15:11:52","guid":{"rendered":"https:\/\/nbg.eu\/product\/safety-detent-plunger-spring-kmr\/"},"modified":"2026-05-13T16:03:31","modified_gmt":"2026-05-13T13:03:31","slug":"safety-detent-plunger-spring-kmr","status":"publish","type":"product","link":"https:\/\/nbg.eu\/da\/vare\/safety-detent-plunger-spring-kmr\/","title":{"rendered":"KMR Sikkerhedsfjederboldtfjeder"},"content":{"rendered":"<h2>Sikkerhed Detent Plunger Spring KMR<\/h2>\n<p>Sikrer p\u00e5lidelig og sikker v\u00e5benydelse med Sikkerhed Detent Plunger Spring KMR.<\/p>\n<p>Fremstillet med pr\u00e6cision og holdbarhed for \u00f8je hj\u00e6lper Sikkerhed Detent Plunger Spring KMR med at opretholde den korrekte funktion af v\u00e5bnets sikkerhedssystem. Dens p\u00e5lidelige design sikrer en j\u00e6vn og konsistent drift, hvilket reducerer risikoen for utilsigtede afladninger og forbedrer den generelle sikkerhed under brug.<\/p>\n<p>Enten du opgraderer dit eksisterende KMR-v\u00e5ben eller udskifter en slidt komponent, er Sikkerhed Detent Plunger Spring KMR et essentielt tilbeh\u00f8r til at opretholde integriteten og ydelsen af dit v\u00e5ben. Invest\u00e9r i denne p\u00e5lidelige komponent for at sikre, at dit v\u00e5bens sikkerhed og funktionalitet forbliver p\u00e5 det h\u00f8jeste niveau.<\/p>\n<p>For v\u00e5ben KMR:<\/p>\n<p>KMR L-02 EMIQ<\/p>\n<p>KMR L-02 EMIQ (OR)<\/p>\n<p>KMR L-02 ORCA FRA 2024<\/p>\n<p>KMR L-02 ORCA INDTIL 2023<\/p>\n<p>KMR L-02 SPECTRA FRA 2024<\/p>\n<p>KMR L-02 SPECTRA INDTIL 2023<\/p>\n<p>KMR L-02 UMBRA (OR) SR<\/p>\n<p>KMR S-01 LANCE (OR)<\/p>\n<p>KMR S-02 FRA 2024<\/p>\n<p>KMR S-02 INDTIL 2023<\/p>\n<p>KMR W-02 CUDA (OR)<\/p>\n<p>KMR W-02 UMBRA<\/p>\n<p>KMR W-02 UMBRA (OR)<\/p>\n","protected":false},"excerpt":{"rendered":"<p>Sikkerhedsdetentf\u00f8rerfjeder til KMR-v\u00e5ben.<\/p>\n","protected":false},"featured_media":24916,"template":"","meta":{"_acf_changed":false},"product_brand":[11506],"product_cat":[13107,13089],"product_tag":[],"class_list":{"0":"post-694136","1":"product","2":"type-product","3":"status-publish","4":"has-post-thumbnail","6":"product_brand-kmr-precision","7":"product_cat-fjedre","8":"product_cat-kmr-dele","10":"first","11":"instock","12":"taxable","13":"shipping-taxable","14":"product-type-simple"},"acf":[],"_links":{"self":[{"href":"https:\/\/nbg.eu\/da\/wp-json\/wp\/v2\/product\/694136","targetHints":{"allow":["GET"]}}],"collection":[{"href":"https:\/\/nbg.eu\/da\/wp-json\/wp\/v2\/product"}],"about":[{"href":"https:\/\/nbg.eu\/da\/wp-json\/wp\/v2\/types\/product"}],"wp:featuredmedia":[{"embeddable":true,"href":"https:\/\/nbg.eu\/da\/wp-json\/wp\/v2\/media\/24916"}],"wp:attachment":[{"href":"https:\/\/nbg.eu\/da\/wp-json\/wp\/v2\/media?parent=694136"}],"wp:term":[{"taxonomy":"product_brand","embeddable":true,"href":"https:\/\/nbg.eu\/da\/wp-json\/wp\/v2\/product_brand?post=694136"},{"taxonomy":"product_cat","embeddable":true,"href":"https:\/\/nbg.eu\/da\/wp-json\/wp\/v2\/product_cat?post=694136"},{"taxonomy":"product_tag","embeddable":true,"href":"https:\/\/nbg.eu\/da\/wp-json\/wp\/v2\/product_tag?post=694136"}],"curies":[{"name":"wp","href":"https:\/\/api.w.org\/{rel}","templated":true}]}}