{"id":694198,"date":"2024-08-18T10:56:41","date_gmt":"2024-08-18T07:56:41","guid":{"rendered":"https:\/\/nbg.eu\/product\/screw-m3x5-din-913-kmr\/"},"modified":"2026-05-13T16:02:56","modified_gmt":"2026-05-13T13:02:56","slug":"screw-m3x5-din-913-kmr","status":"publish","type":"product","link":"https:\/\/nbg.eu\/da\/vare\/screw-m3x5-din-913-kmr\/","title":{"rendered":"KMR Skrue M3x5 DIN 913"},"content":{"rendered":"<h2>SKRUE M3x5 DIN 913 KMR: Sikker fastg\u00f8relse til dit v\u00e5bensystem<\/h2>\n<p>SKRUE M3x5 DIN 913 KMR er en vigtig komponent til sikring af forskellige v\u00e5bensystemer til KMR. Designet til at opfylde de strenge krav i milit\u00e6re og retsh\u00e5ndh\u00e6vende anvendelser, tilbyder denne skrue en p\u00e5lidelig og holdbar l\u00f8sning til montering af komponenter p\u00e5 dit KMR-v\u00e5ben.<\/p>\n<p>Fremstillet efter den n\u00f8jagtige DIN 913-standard sikrer denne skrue en sikker og pr\u00e6cis tilpasning, hvilket minimerer risikoen for l\u00f8sning eller svigt under brug. Dens M3-gevindst\u00f8rrelse og 5 mm l\u00e6ngde g\u00f8r den til et p\u00e5lideligt valg, der giver den n\u00f8dvendige stabilitet og st\u00f8tte til dine v\u00e5benkomponenter.<\/p>\n<p>Uanset om du opgraderer, vedligeholder eller reparerer dine KMR-v\u00e5ben, er dette et must-have-tilbeh\u00f8r, der leverer den kvalitet og ydeevne, du forventer af en milit\u00e6rklassificeret komponent.<\/p>\n","protected":false},"excerpt":{"rendered":"<p>SKRUE M3x5 DIN 913 KMR til KMR-v\u00e5ben.<\/p>\n","protected":false},"featured_media":25261,"template":"","meta":{"_acf_changed":false},"product_brand":[11506],"product_cat":[13089],"product_tag":[],"class_list":{"0":"post-694198","1":"product","2":"type-product","3":"status-publish","4":"has-post-thumbnail","6":"product_brand-kmr-precision","7":"product_cat-kmr-dele","9":"first","10":"instock","11":"taxable","12":"shipping-taxable","13":"product-type-simple"},"acf":[],"_links":{"self":[{"href":"https:\/\/nbg.eu\/da\/wp-json\/wp\/v2\/product\/694198","targetHints":{"allow":["GET"]}}],"collection":[{"href":"https:\/\/nbg.eu\/da\/wp-json\/wp\/v2\/product"}],"about":[{"href":"https:\/\/nbg.eu\/da\/wp-json\/wp\/v2\/types\/product"}],"wp:featuredmedia":[{"embeddable":true,"href":"https:\/\/nbg.eu\/da\/wp-json\/wp\/v2\/media\/25261"}],"wp:attachment":[{"href":"https:\/\/nbg.eu\/da\/wp-json\/wp\/v2\/media?parent=694198"}],"wp:term":[{"taxonomy":"product_brand","embeddable":true,"href":"https:\/\/nbg.eu\/da\/wp-json\/wp\/v2\/product_brand?post=694198"},{"taxonomy":"product_cat","embeddable":true,"href":"https:\/\/nbg.eu\/da\/wp-json\/wp\/v2\/product_cat?post=694198"},{"taxonomy":"product_tag","embeddable":true,"href":"https:\/\/nbg.eu\/da\/wp-json\/wp\/v2\/product_tag?post=694198"}],"curies":[{"name":"wp","href":"https:\/\/api.w.org\/{rel}","templated":true}]}}