{"id":694222,"date":"2024-09-17T08:46:01","date_gmt":"2024-09-17T05:46:01","guid":{"rendered":"https:\/\/nbg.eu\/product\/screw-m3x6-din-913-kmr\/"},"modified":"2026-05-13T16:01:51","modified_gmt":"2026-05-13T13:01:51","slug":"screw-m3x6-din-913-kmr","status":"publish","type":"product","link":"https:\/\/nbg.eu\/da\/vare\/screw-m3x6-din-913-kmr\/","title":{"rendered":"KMR Skrue M3x6 DIN 913"},"content":{"rendered":"<h2>SKRUE M3x6 DIN 913 KMR: Essentiel til v\u00e5ben KMR<\/h2>\n<p>Fremstillet i overensstemmelse med DIN 913-standarden giver denne M3x6-skrue en sikker og pr\u00e6cis pasform, hvilket bidrager til den overordnede stabilitet og integritet i komponenterne i dit v\u00e5ben. Dens holdbare konstruktion, som omfatter en robust materialesammens\u00e6tning, sikrer langtidsydelse og modstandsdygtighed over for slid og rift, selv i de mest kr\u00e6vende milj\u00f8er.<\/p>\n<p>Uanset om du vedligeholder, reparerer eller opgraderer dine KMR-kompatible v\u00e5ben, er skruen en essentiel del, som du kan stole p\u00e5. Dens kompatibilitet med de angivne modeller g\u00f8r den til en afg\u00f8rende erstatnings- eller reservedel at have p\u00e5 lager, s\u00e5 din v\u00e6rdifulde udrustning kan fungere problemfrit.<\/p>\n<\/p>\n<p>Til v\u00e5ben KMR<\/p>\n<\/p>\n<p>KMR L-02 ORCA FRA 2024<\/p>\n<\/p>\n<p>KMR L-02 ORCA INDTIL 2023<\/p>\n<\/p>\n<p>KMR W-02 CUDA (OR)<\/p>\n","protected":false},"excerpt":{"rendered":"<p>Skrue M3x6 DIN 913 KMR er en afg\u00f8rende komponent til vedligeholdelse og samling af forskellige v\u00e5bensystemer.<\/p>\n","protected":false},"featured_media":63674,"template":"","meta":{"_acf_changed":false},"product_brand":[11506],"product_cat":[13089],"product_tag":[],"class_list":{"0":"post-694222","1":"product","2":"type-product","3":"status-publish","4":"has-post-thumbnail","6":"product_brand-kmr-precision","7":"product_cat-kmr-dele","9":"first","10":"instock","11":"taxable","12":"shipping-taxable","13":"product-type-simple"},"acf":[],"_links":{"self":[{"href":"https:\/\/nbg.eu\/da\/wp-json\/wp\/v2\/product\/694222","targetHints":{"allow":["GET"]}}],"collection":[{"href":"https:\/\/nbg.eu\/da\/wp-json\/wp\/v2\/product"}],"about":[{"href":"https:\/\/nbg.eu\/da\/wp-json\/wp\/v2\/types\/product"}],"wp:featuredmedia":[{"embeddable":true,"href":"https:\/\/nbg.eu\/da\/wp-json\/wp\/v2\/media\/63674"}],"wp:attachment":[{"href":"https:\/\/nbg.eu\/da\/wp-json\/wp\/v2\/media?parent=694222"}],"wp:term":[{"taxonomy":"product_brand","embeddable":true,"href":"https:\/\/nbg.eu\/da\/wp-json\/wp\/v2\/product_brand?post=694222"},{"taxonomy":"product_cat","embeddable":true,"href":"https:\/\/nbg.eu\/da\/wp-json\/wp\/v2\/product_cat?post=694222"},{"taxonomy":"product_tag","embeddable":true,"href":"https:\/\/nbg.eu\/da\/wp-json\/wp\/v2\/product_tag?post=694222"}],"curies":[{"name":"wp","href":"https:\/\/api.w.org\/{rel}","templated":true}]}}