{"id":694283,"date":"2024-08-16T23:19:01","date_gmt":"2024-08-16T20:19:01","guid":{"rendered":"https:\/\/nbg.eu\/product\/sear-pin-kmr\/"},"modified":"2026-05-13T15:11:28","modified_gmt":"2026-05-13T12:11:28","slug":"sear-pin-kmr","status":"publish","type":"product","link":"https:\/\/nbg.eu\/da\/vare\/sear-pin-kmr\/","title":{"rendered":"KMR Aftr\u00e6ksmekanismens Stift"},"content":{"rendered":"<h2>Searing Pin til KMR-pistoler: Pr\u00e6cisionspivotpunkt for triggerkonsistens<\/h2>\n<p>Searing Pin til KMR-pistoler er en kritisk komponent, der sikrer p\u00e5lideligheden og konsistensen af din skydev\u00e5bensmekanisme. Fremstillet af pr\u00e6cisionssleben h\u00e6rdet v\u00e6rkt\u00e5lst\u00e5l, er denne del fremstillet i overensstemmelse med de strenge KMR-fabrikstolerancer og leverer enest\u00e5ende slidstyrke og en j\u00e6vn, p\u00e5lidelig ydelse.<\/p>\n<p>I hjertet af sear-mekanismen fungerer Searing Pin som den piv<br \/>\notale akse, der g\u00f8r det muligt for sear&#8217;en at bev\u00e6ge sig pr\u00e6cist og konsistent. Den ultraj\u00e6vne overflade og n\u00f8jagtige diameter af denne komponent er afg\u00f8rende for at opretholde et skarpt, forudsigeligt triggerbrud og p\u00e5lidelig nulstilling i KMR-konkurrencepistolerspistol.<\/p>\n<p>Ved at levere et stabilt, h\u00f8jpr\u00e6cist pivotpunkt hj\u00e6lper Searing Pin med at eliminere triggerinkonsistenser, der kan p\u00e5virke n\u00f8jagtigheden og ydelsen. Uanset om du er engageret i konkurrenceskydning eller stoler p\u00e5 din KMR-pistol til personligt forsvar, hj\u00e6lper denne<br \/>\n afg\u00f8rende del med at sikre et konsistent, p\u00e5lidelig<br \/>\nt triggertr\u00e6k hver gang.<\/p>\n<p>Opgrad\u00e9r din KMR-pistol med Searing Pin og oplev forskellen, som pr\u00e6cisionsingeni\u00f8rarbejde kan g\u00f8re. Forh\u00f8j din skydning med denne<\/p>\n<p>afg\u00f8rende komponent, der er designet til at levere den ultimative triggerydelevise.<\/p>\n","protected":false},"excerpt":{"rendered":"<p>Pr\u00e6cis forseglende pivotpunkt, der sikrer konsistent KMR-aftr\u00e6kkertr\u00e6k.<\/p>\n","protected":false},"featured_media":23796,"template":"","meta":{"_acf_changed":false},"product_brand":[11506],"product_cat":[13089],"product_tag":[],"class_list":{"0":"post-694283","1":"product","2":"type-product","3":"status-publish","4":"has-post-thumbnail","6":"product_brand-kmr-precision","7":"product_cat-kmr-dele","9":"first","10":"instock","11":"taxable","12":"shipping-taxable","13":"product-type-simple"},"acf":[],"_links":{"self":[{"href":"https:\/\/nbg.eu\/da\/wp-json\/wp\/v2\/product\/694283","targetHints":{"allow":["GET"]}}],"collection":[{"href":"https:\/\/nbg.eu\/da\/wp-json\/wp\/v2\/product"}],"about":[{"href":"https:\/\/nbg.eu\/da\/wp-json\/wp\/v2\/types\/product"}],"wp:featuredmedia":[{"embeddable":true,"href":"https:\/\/nbg.eu\/da\/wp-json\/wp\/v2\/media\/23796"}],"wp:attachment":[{"href":"https:\/\/nbg.eu\/da\/wp-json\/wp\/v2\/media?parent=694283"}],"wp:term":[{"taxonomy":"product_brand","embeddable":true,"href":"https:\/\/nbg.eu\/da\/wp-json\/wp\/v2\/product_brand?post=694283"},{"taxonomy":"product_cat","embeddable":true,"href":"https:\/\/nbg.eu\/da\/wp-json\/wp\/v2\/product_cat?post=694283"},{"taxonomy":"product_tag","embeddable":true,"href":"https:\/\/nbg.eu\/da\/wp-json\/wp\/v2\/product_tag?post=694283"}],"curies":[{"name":"wp","href":"https:\/\/api.w.org\/{rel}","templated":true}]}}