{"id":694325,"date":"2025-09-05T00:02:55","date_gmt":"2025-09-04T21:02:55","guid":{"rendered":"https:\/\/nbg.eu\/product\/sig-sauer-taper-cap-for-7-62-barrels-5-8-24-thread\/"},"modified":"2026-05-13T16:41:24","modified_gmt":"2026-05-13T13:41:24","slug":"sig-sauer-taper-cap-for-7-62-barrels-5-8-24-thread","status":"publish","type":"product","link":"https:\/\/nbg.eu\/da\/vare\/sig-sauer-taper-cap-for-7-62-barrels-5-8-24-thread\/","title":{"rendered":"Sig Sauer Taper Cap for 7.62 barrels, 5\/8-24 thread"},"content":{"rendered":"<div class=\"product-description\">\n<h2>Sig Sauer-gevindprop til 7,62 mm l\u00f8b<\/h2>\n<h2>5\/8-24 gevind<\/h2>\n<p>Forst\u00e6rk beskyttelsen og udseendet af dit Sig Sauer-skydev\u00e5ben med denne pr\u00e6cisionsfremstillede gevindprop. Designet specifikt til 7,62 mm l\u00f8b med 5\/8-24 gevind, passer denne prop perfekt til forskellige Sig Sauer-modeller, herunder SIG MCX, SIG716 og SIGM400.<\/p>\n<h3>N\u00f8glefunktioner:<\/h3>\n<ul>\n<li>Kompatibel med 7,62 NATO og .300 BLK kaliber<\/li>\n<li>Passer til nuv\u00e6rende Sig Sauer-modeller som 716, MCX og M400<\/li>\n<li>Pr\u00e6cisionsgevind til 5\/8-24 mm l\u00f8b<\/li>\n<li>Giver beskyttelse til l\u00f8bets gevind, n\u00e5r den ikke er i brug<\/li>\n<li>Bevarer v\u00e5bnets slanke profil<\/li>\n<\/ul>\n<p>Denne gevindprop er et essentielt tilbeh\u00f8r for enhver Sig Sauer-ejer, der sikrer, at dit l\u00f8b holder sig i perfekt stand, mens det forbedrer v\u00e5bnets samlede udseende. Let at montere og afmontere, er den den perfekte tilf\u00f8jelse til din v\u00e5benvedligeholdelseskasse.<\/p>\n<\/div>\n","protected":false},"excerpt":{"rendered":"<p>Sig Sauer taper cap til 7,62 l\u00f8b, 5\/8-24 gevind. Passer til MCX, 716, M400.<\/p>\n","protected":false},"featured_media":496327,"template":"","meta":{"_acf_changed":false},"product_brand":[15103],"product_cat":[13117,13139,13122],"product_tag":[],"class_list":{"0":"post-694325","1":"product","2":"type-product","3":"status-publish","4":"has-post-thumbnail","6":"product_brand-sig-sauer","7":"product_cat-lyddaempere","8":"product_cat-riffel","9":"product_cat-riffel-lyddaempere","11":"first","12":"instock","13":"taxable","14":"shipping-taxable","15":"purchasable","16":"product-type-simple"},"acf":[],"_links":{"self":[{"href":"https:\/\/nbg.eu\/da\/wp-json\/wp\/v2\/product\/694325","targetHints":{"allow":["GET"]}}],"collection":[{"href":"https:\/\/nbg.eu\/da\/wp-json\/wp\/v2\/product"}],"about":[{"href":"https:\/\/nbg.eu\/da\/wp-json\/wp\/v2\/types\/product"}],"wp:featuredmedia":[{"embeddable":true,"href":"https:\/\/nbg.eu\/da\/wp-json\/wp\/v2\/media\/496327"}],"wp:attachment":[{"href":"https:\/\/nbg.eu\/da\/wp-json\/wp\/v2\/media?parent=694325"}],"wp:term":[{"taxonomy":"product_brand","embeddable":true,"href":"https:\/\/nbg.eu\/da\/wp-json\/wp\/v2\/product_brand?post=694325"},{"taxonomy":"product_cat","embeddable":true,"href":"https:\/\/nbg.eu\/da\/wp-json\/wp\/v2\/product_cat?post=694325"},{"taxonomy":"product_tag","embeddable":true,"href":"https:\/\/nbg.eu\/da\/wp-json\/wp\/v2\/product_tag?post=694325"}],"curies":[{"name":"wp","href":"https:\/\/api.w.org\/{rel}","templated":true}]}}