{"id":694343,"date":"2025-09-05T00:02:56","date_gmt":"2025-09-04T21:02:56","guid":{"rendered":"https:\/\/nbg.eu\/product\/sig-sauer-taper-cap-for-5-56-barrels-1-2-28-thread\/"},"modified":"2026-05-13T16:41:24","modified_gmt":"2026-05-13T13:41:24","slug":"sig-sauer-taper-cap-for-5-56-barrels-1-2-28-thread","status":"publish","type":"product","link":"https:\/\/nbg.eu\/da\/vare\/sig-sauer-taper-cap-for-5-56-barrels-1-2-28-thread\/","title":{"rendered":"Sig Sauer Taper Cap for 5.56 Barrels, 1\/2-28 thread"},"content":{"rendered":"<div class=\"product-description\">\n<h2>Sig Sauer Taper Cap til 5.56 NATO-l\u00f8b<\/h2>\n<p>Forbedrer beskyttelsen og \u00e6stetikken af dit Sig Sauer-skydev\u00e5ben med denne h\u00f8j kvalitet taper cap, der er designet specielt til 5.56 NATO-l\u00f8b med 1\/2-28-gevind.<\/p>\n<ul>\n<li>Kompatibel med nuv\u00e6rende Sig Sauer 5.56 NATO-modeller, inklusive MCX og M400<\/li>\n<li>Pr\u00e6cist konstrueret til at passe til 1\/2-28-gevindede l\u00f8b<\/li>\n<li>Giver fremragende beskyttelse til l\u00f8bets gevind, n\u00e5r den ikke er i brug<\/li>\n<li>Nem at montere og afmontere<\/li>\n<li>Elegant design, der supplerer udseendet af dit skydev\u00e5ben<\/li>\n<\/ul>\n<p>Denne taper cap er et essentielt tilbeh\u00f8r til vedligeholdelse af dit Sig Sauer 5.56 NATO-skydev\u00e5ben. Den hj\u00e6lper med at forhindre skader p\u00e5 l\u00f8bets gevind og holder snavs ude, s\u00e5 dit v\u00e5ben forbliver i topform. Uanset om du opbevarer dit skydev\u00e5ben eller tager til skydeomr\u00e5det, tilbyder denne taper cap b\u00e5de praktisk beskyttelse og en professionel finish.<\/p>\n<\/div>\n","protected":false},"excerpt":{"rendered":"<p>Sig Sauer gevindafsk\u00e6rmer til 5,56 l\u00f8b, 1\/2-28 gevind.<\/p>\n","protected":false},"featured_media":496350,"template":"","meta":{"_acf_changed":false},"product_brand":[15103],"product_cat":[13102,13122],"product_tag":[],"class_list":{"0":"post-694343","1":"product","2":"type-product","3":"status-publish","4":"has-post-thumbnail","6":"product_brand-sig-sauer","7":"product_cat-lyddaempertilbehor","8":"product_cat-riffel-lyddaempere","10":"first","11":"instock","12":"taxable","13":"shipping-taxable","14":"purchasable","15":"product-type-simple"},"acf":[],"_links":{"self":[{"href":"https:\/\/nbg.eu\/da\/wp-json\/wp\/v2\/product\/694343","targetHints":{"allow":["GET"]}}],"collection":[{"href":"https:\/\/nbg.eu\/da\/wp-json\/wp\/v2\/product"}],"about":[{"href":"https:\/\/nbg.eu\/da\/wp-json\/wp\/v2\/types\/product"}],"wp:featuredmedia":[{"embeddable":true,"href":"https:\/\/nbg.eu\/da\/wp-json\/wp\/v2\/media\/496350"}],"wp:attachment":[{"href":"https:\/\/nbg.eu\/da\/wp-json\/wp\/v2\/media?parent=694343"}],"wp:term":[{"taxonomy":"product_brand","embeddable":true,"href":"https:\/\/nbg.eu\/da\/wp-json\/wp\/v2\/product_brand?post=694343"},{"taxonomy":"product_cat","embeddable":true,"href":"https:\/\/nbg.eu\/da\/wp-json\/wp\/v2\/product_cat?post=694343"},{"taxonomy":"product_tag","embeddable":true,"href":"https:\/\/nbg.eu\/da\/wp-json\/wp\/v2\/product_tag?post=694343"}],"curies":[{"name":"wp","href":"https:\/\/api.w.org\/{rel}","templated":true}]}}