{"id":694408,"date":"2024-09-16T14:42:04","date_gmt":"2024-09-16T11:42:04","guid":{"rendered":"https:\/\/nbg.eu\/product\/slide-stop-kmr-s\/"},"modified":"2026-05-13T16:02:57","modified_gmt":"2026-05-13T13:02:57","slug":"slide-stop-kmr-s","status":"publish","type":"product","link":"https:\/\/nbg.eu\/da\/vare\/slide-stop-kmr-s\/","title":{"rendered":"KMR Slutstykkel\u00e5s S"},"content":{"rendered":"<h2>SLIDE STOP S &#8211; Den vigtige sikkerhedsfunktion til dit v\u00e5ben<\/h2>\n<p>SLIDE STOP S er en afg\u00f8rende komponent til dit v\u00e5ben, designet til at forbedre sikkerheden og funktionaliteten. N\u00e5r magasinet er tomt, l\u00e5ser skydegrebet automatisk glidemekanismen i den bageste position, hvilket tydeligt signalerer skytten, at et nyt magasin skal lades.<\/p>\n<p>Denne funktion muligg\u00f8r en smidig genladning, da skytten blot skal trykke p\u00e5 glidestoppet for at frigive glidemekanismen og indf\u00f8re den f\u00f8rste patron i kammeret. SLIDE STOP S fungerer som en sikkerhedsfunktion, der forhindrer utilsigtet affyring, indtil magasinet er korrekt indsat, og v\u00e5benet er klar til brug.<\/p>\n<p>Kompatibel med f\u00f8lgende v\u00e5benmodeller:<\/p>\n<p> KMR S-01 LANCE (OR)<\/p>\n<p> KMR S-02 75 (OR) SR ADA,<\/p>\n<p> KMR S-02 FRA 2024,<\/p>\n<p> KMR S-02 SH1 (OR) SR ADA,<\/p>\n<p> KMR S-02 INDTIL 2023.<\/p>\n<\/p>\n<p> Deludnummer: 1110-01503-0400.<\/p>\n","protected":false},"excerpt":{"rendered":"<p>L\u00e5s glidemekanismen i bageste position, hvilket indikerer at magasinet er tomt. Tillader il\u00e6gning af ny ammunition. Sikkerhedsfunktion, der forhindrer utilsigtet affyring.<\/p>\n","protected":false},"featured_media":25885,"template":"","meta":{"_acf_changed":false},"product_brand":[11506],"product_cat":[13089],"product_tag":[],"class_list":{"0":"post-694408","1":"product","2":"type-product","3":"status-publish","4":"has-post-thumbnail","6":"product_brand-kmr-precision","7":"product_cat-kmr-dele","9":"first","10":"instock","11":"taxable","12":"shipping-taxable","13":"product-type-simple"},"acf":[],"_links":{"self":[{"href":"https:\/\/nbg.eu\/da\/wp-json\/wp\/v2\/product\/694408","targetHints":{"allow":["GET"]}}],"collection":[{"href":"https:\/\/nbg.eu\/da\/wp-json\/wp\/v2\/product"}],"about":[{"href":"https:\/\/nbg.eu\/da\/wp-json\/wp\/v2\/types\/product"}],"wp:featuredmedia":[{"embeddable":true,"href":"https:\/\/nbg.eu\/da\/wp-json\/wp\/v2\/media\/25885"}],"wp:attachment":[{"href":"https:\/\/nbg.eu\/da\/wp-json\/wp\/v2\/media?parent=694408"}],"wp:term":[{"taxonomy":"product_brand","embeddable":true,"href":"https:\/\/nbg.eu\/da\/wp-json\/wp\/v2\/product_brand?post=694408"},{"taxonomy":"product_cat","embeddable":true,"href":"https:\/\/nbg.eu\/da\/wp-json\/wp\/v2\/product_cat?post=694408"},{"taxonomy":"product_tag","embeddable":true,"href":"https:\/\/nbg.eu\/da\/wp-json\/wp\/v2\/product_tag?post=694408"}],"curies":[{"name":"wp","href":"https:\/\/api.w.org\/{rel}","templated":true}]}}