{"id":694448,"date":"2024-09-16T14:36:57","date_gmt":"2024-09-16T11:36:57","guid":{"rendered":"https:\/\/nbg.eu\/product\/slide-stop-27-kmr\/"},"modified":"2026-02-02T18:40:58","modified_gmt":"2026-02-02T15:40:58","slug":"slide-stop-27-kmr","status":"publish","type":"product","link":"https:\/\/nbg.eu\/da\/vare\/slide-stop-27-kmr\/","title":{"rendered":"STOP GLIDESKINNER 27 KMR"},"content":{"rendered":"<h2>SLIDE STOP 27 KMR &#8211; P\u00e5lidelig v\u00e5bensikkerhed og genindl\u00e6sningsindikator<\/h2>\n<p>SLIDE STOP 27 KMR er en vigtig funktion, der forbedrer sikkerheden og funktionaliteten af dit v\u00e5ben. N\u00e5r magasinet er tomt, l\u00e5ser v\u00e5bengriberen automatisk glidestykket i den bageste position, hvilket giver en tydelig visuel indikation p\u00e5, at magasinet skal udskiftes.<\/p>\n<p>Denne funktion muligg\u00f8r s\u00f8ml\u00f8s genindl\u00e6sning, da skytten blot kan trykke p\u00e5 v\u00e5bengriberen for at frig\u00f8re glidestykket og indl\u00e6se den f\u00f8rste patron i kammeret, s\u00e5 snart et nyt magasin er indsat. SLIDE STOP 27 KMR fungerer som en p\u00e5lidelig sikkerhedsfunktion, der forhindrer utilsigtet affyring, indtil magasinet er korrekt fastgjort, og v\u00e5benet er klar til brug.<\/p>\n<p>Fremstillet med pr\u00e6cision og opm\u00e6rksomhed p\u00e5 detaljer er SLIDE STOP 27 KMR et v\u00e6rdifuldt tilskud til enhver skydev\u00e5ben og sikrer en sikrere og mere effektiv skydeoplevelse. Uanset om du er en erfaren skarp skytter eller en nybegynder, vil denne funktion give dig den tryghed og tillid, du har brug for p\u00e5 skydebanen eller i marken.<\/p>\n<p>Til v\u00e5ben KMR<br \/>\nKMR L-02 SPECTRA INDTIL 2023<br \/>\nKMR W-02 CUDA (OR)<br \/>\nKMR W-02 UMBRA<br \/>\nKMR W-02 UMBRA (OR)<\/p>\n","protected":false},"excerpt":{"rendered":"<p>Slidelukkefunktion l\u00e5ser automatisk sliden, n\u00e5r magasinet er tomt, tillader p\u00e5fyldning af ny ammunition og forhindrer utilsigtet affyring.<\/p>\n","protected":false},"featured_media":25862,"template":"","meta":{"_acf_changed":false},"product_brand":[11506],"product_cat":[13089],"product_tag":[],"class_list":{"0":"post-694448","1":"product","2":"type-product","3":"status-publish","4":"has-post-thumbnail","6":"product_brand-kmr-precision","7":"product_cat-kmr-dele","9":"first","10":"instock","11":"taxable","12":"shipping-taxable","13":"product-type-simple"},"acf":[],"_links":{"self":[{"href":"https:\/\/nbg.eu\/da\/wp-json\/wp\/v2\/product\/694448","targetHints":{"allow":["GET"]}}],"collection":[{"href":"https:\/\/nbg.eu\/da\/wp-json\/wp\/v2\/product"}],"about":[{"href":"https:\/\/nbg.eu\/da\/wp-json\/wp\/v2\/types\/product"}],"wp:featuredmedia":[{"embeddable":true,"href":"https:\/\/nbg.eu\/da\/wp-json\/wp\/v2\/media\/25862"}],"wp:attachment":[{"href":"https:\/\/nbg.eu\/da\/wp-json\/wp\/v2\/media?parent=694448"}],"wp:term":[{"taxonomy":"product_brand","embeddable":true,"href":"https:\/\/nbg.eu\/da\/wp-json\/wp\/v2\/product_brand?post=694448"},{"taxonomy":"product_cat","embeddable":true,"href":"https:\/\/nbg.eu\/da\/wp-json\/wp\/v2\/product_cat?post=694448"},{"taxonomy":"product_tag","embeddable":true,"href":"https:\/\/nbg.eu\/da\/wp-json\/wp\/v2\/product_tag?post=694448"}],"curies":[{"name":"wp","href":"https:\/\/api.w.org\/{rel}","templated":true}]}}