{"id":694474,"date":"2024-09-17T22:47:08","date_gmt":"2024-09-17T19:47:08","guid":{"rendered":"https:\/\/nbg.eu\/product\/slide-stop-spring-22-lr-kmr\/"},"modified":"2026-02-13T18:49:52","modified_gmt":"2026-02-13T15:49:52","slug":"slide-stop-spring-22-lr-kmr","status":"publish","type":"product","link":"https:\/\/nbg.eu\/da\/vare\/slide-stop-spring-22-lr-kmr\/","title":{"rendered":"glidestopfjedern 22 LR KMR"},"content":{"rendered":"<h2>SLIDE STOP SPRING 22 LR KMR til V\u00e5ben KMR<\/h2>\n<p>Designet til brug med KMR-serien af v\u00e5ben er SLIDE STOP SPRING 22 LR KMR et holdbart og p\u00e5lideligt tilbeh\u00f8r, der sikrer en j\u00e6vn drift og forbedret funktionalitet.<\/p>\n<p>Fremstillet med pr\u00e6cision og opm\u00e6rksomhed p\u00e5 detaljer sikrer SLIDE STOP SPRING 22 LR KMR p\u00e5lidelig ydelse og lang levetid, hvilket g\u00f8r den til en v\u00e6sentlig komponent for KMR-v\u00e5benentusiaster og -fagfolk. Denne fjedre er kompatibel med alle KMR-modeller op til 2023 og giver en holdbar l\u00f8sning til dit v\u00e5bens vedligeholdelse og opgradering.<\/p>\n<p>Til V\u00e5ben KMR<\/p>\n<p>KMR S-01 LANCE (OR)<\/p>\n<p>KMR S-02 10 (OR) SR ADA<\/p>\n<p>KMR S-02 75 (OR) SR ADA<\/p>\n<p>KMR S-02 SH1 (OR) SR ADA<\/p>\n<p>KMR S-02 SH2 (OR) SR ADA<\/p>\n<p>KMR S-02 TS (OR) SR ADA<\/p>\n<p>KMR S-02 INDTIL 2023<\/p>\n","protected":false},"excerpt":{"rendered":"<p>Udskiftningsfjeder til waffenophold for KMR v\u00e5ben.<\/p>\n","protected":false},"featured_media":24893,"template":"","meta":{"_acf_changed":false},"product_brand":[11506],"product_cat":[13107,13089],"product_tag":[],"class_list":{"0":"post-694474","1":"product","2":"type-product","3":"status-publish","4":"has-post-thumbnail","6":"product_brand-kmr-precision","7":"product_cat-fjedre","8":"product_cat-kmr-dele","10":"first","11":"instock","12":"taxable","13":"shipping-taxable","14":"product-type-simple"},"acf":[],"_links":{"self":[{"href":"https:\/\/nbg.eu\/da\/wp-json\/wp\/v2\/product\/694474","targetHints":{"allow":["GET"]}}],"collection":[{"href":"https:\/\/nbg.eu\/da\/wp-json\/wp\/v2\/product"}],"about":[{"href":"https:\/\/nbg.eu\/da\/wp-json\/wp\/v2\/types\/product"}],"wp:featuredmedia":[{"embeddable":true,"href":"https:\/\/nbg.eu\/da\/wp-json\/wp\/v2\/media\/24893"}],"wp:attachment":[{"href":"https:\/\/nbg.eu\/da\/wp-json\/wp\/v2\/media?parent=694474"}],"wp:term":[{"taxonomy":"product_brand","embeddable":true,"href":"https:\/\/nbg.eu\/da\/wp-json\/wp\/v2\/product_brand?post=694474"},{"taxonomy":"product_cat","embeddable":true,"href":"https:\/\/nbg.eu\/da\/wp-json\/wp\/v2\/product_cat?post=694474"},{"taxonomy":"product_tag","embeddable":true,"href":"https:\/\/nbg.eu\/da\/wp-json\/wp\/v2\/product_tag?post=694474"}],"curies":[{"name":"wp","href":"https:\/\/api.w.org\/{rel}","templated":true}]}}