{"id":694544,"date":"2024-08-16T23:20:35","date_gmt":"2024-08-16T20:20:35","guid":{"rendered":"https:\/\/nbg.eu\/product\/slide-stop-pin-kmr\/"},"modified":"2026-05-13T16:03:14","modified_gmt":"2026-05-13T13:03:14","slug":"slide-stop-pin-kmr","status":"publish","type":"product","link":"https:\/\/nbg.eu\/da\/vare\/slide-stop-pin-kmr\/","title":{"rendered":"KMR Slutstykkel\u00e5sstift"},"content":{"rendered":"<h2>Slide Stop Pin til KMR-pistoler<\/h2>\n<p>Forbed ydelsen af din KMR-pistol med Slide Stop Pin, en pr\u00e6cisionsbygget komponent, der er designet til at optimere drejepunktet for aftr\u00e6kkerh\u00e5ndtaget og l\u00e5semekanismen til l\u00f8bet. Fremstillet af h\u00f8jstyrke h\u00e6rdet st\u00e5l har denne pin en pr\u00e6cisionssleben overflade, der minimerer friktionen og sikrer en s\u00f8ml\u00f8s, p\u00e5lidelig interface med din pistols fabrikstolerancer.<\/p>\n<p>I hjertet af din KMR&#8217;s mekanisme fungerer Slide Stop Pin som det kritiske mekaniske led, der sikrer de nedre sammenkobling mellem l\u00f8b og greb. Dens h\u00f8je styrke til afsk\u00e6ring g\u00f8r den i stand til at modst\u00e5 det gentagne slag fra skydevognens bev\u00e6gelse, mens den glatte finish g\u00f8r, at aftr\u00e6kkerh\u00e5ndtaget kan bev\u00e6ge sig let og sikrer p\u00e5lideligt stopgreb for sidste skud og smidig manuel betjening.<\/p>\n<p>Opgrader din KMR-pistol med Slide Stop Pin og oplev forskellen i pr\u00e6cision og p\u00e5lidelighed. Denne omhyggeligt konstruerede komponent er det perfekte valg for kr\u00e6vende skytte, der forlanger det bedste fra deres skydev\u00e5ben.<\/p>\n","protected":false},"excerpt":{"rendered":"<p>Pr\u00e6cis pivotakse til glidestopl\u00e5seh\u00e5ndtag og l\u00f8bel\u00e5s. Fremstillet af h\u00f8jstyrke h\u00e6rdet st\u00e5l med j\u00e6vn finish.<\/p>\n","protected":false},"featured_media":23820,"template":"","meta":{"_acf_changed":false},"product_brand":[11506],"product_cat":[13089],"product_tag":[],"class_list":{"0":"post-694544","1":"product","2":"type-product","3":"status-publish","4":"has-post-thumbnail","6":"product_brand-kmr-precision","7":"product_cat-kmr-dele","9":"first","10":"instock","11":"taxable","12":"shipping-taxable","13":"product-type-simple"},"acf":[],"_links":{"self":[{"href":"https:\/\/nbg.eu\/da\/wp-json\/wp\/v2\/product\/694544","targetHints":{"allow":["GET"]}}],"collection":[{"href":"https:\/\/nbg.eu\/da\/wp-json\/wp\/v2\/product"}],"about":[{"href":"https:\/\/nbg.eu\/da\/wp-json\/wp\/v2\/types\/product"}],"wp:featuredmedia":[{"embeddable":true,"href":"https:\/\/nbg.eu\/da\/wp-json\/wp\/v2\/media\/23820"}],"wp:attachment":[{"href":"https:\/\/nbg.eu\/da\/wp-json\/wp\/v2\/media?parent=694544"}],"wp:term":[{"taxonomy":"product_brand","embeddable":true,"href":"https:\/\/nbg.eu\/da\/wp-json\/wp\/v2\/product_brand?post=694544"},{"taxonomy":"product_cat","embeddable":true,"href":"https:\/\/nbg.eu\/da\/wp-json\/wp\/v2\/product_cat?post=694544"},{"taxonomy":"product_tag","embeddable":true,"href":"https:\/\/nbg.eu\/da\/wp-json\/wp\/v2\/product_tag?post=694544"}],"curies":[{"name":"wp","href":"https:\/\/api.w.org\/{rel}","templated":true}]}}