{"id":694628,"date":"2024-08-18T12:24:10","date_gmt":"2024-08-18T09:24:10","guid":{"rendered":"https:\/\/nbg.eu\/product\/thread-cover-kmr-m13x1l-black\/"},"modified":"2026-05-13T16:02:26","modified_gmt":"2026-05-13T13:02:26","slug":"thread-cover-kmr-m13x1l-black","status":"publish","type":"product","link":"https:\/\/nbg.eu\/da\/vare\/thread-cover-kmr-m13x1l-black\/","title":{"rendered":"KMR Gevindafd\u00e6kning M13x1L Sort"},"content":{"rendered":"<h2>Tr\u00e5dh\u00e6tte KMR M13X1L Sort<\/h2>\n<p>Forbedre de taktiske egenskaber af dine v\u00e5ben med tr\u00e5dh\u00e6tten. Designet til s\u00f8ml\u00f8s integration med KMR L-02 UMBRA (OR) SR, giver denne tr\u00e5dh\u00e6tte en elegant og holdbar l\u00f8sning til at beskytte v\u00e5bets tr\u00e5de, n\u00e5r de ikke er i brug.<\/p>\n<p>Fremstillet af materialer af h\u00f8j kvalitet, tilbyder tr\u00e5dh\u00e6tten en robust konstruktion, der kan modst\u00e5 kravene i taktiske milj\u00f8er. Dens sorte finish smelter s\u00f8ml\u00f8st sammen med dit v\u00e5ben og sikrer et rent og professionelt udseende.<\/p>\n","protected":false},"excerpt":{"rendered":"<p>Tr\u00e5dd\u00e6ksel KMR M13X1L Sort til KMR L-02 UMBRA (ELLER) SR.<\/p>\n","protected":false},"featured_media":26000,"template":"","meta":{"_acf_changed":false},"product_brand":[11506],"product_cat":[13089],"product_tag":[],"class_list":{"0":"post-694628","1":"product","2":"type-product","3":"status-publish","4":"has-post-thumbnail","6":"product_brand-kmr-precision","7":"product_cat-kmr-dele","9":"first","10":"instock","11":"taxable","12":"shipping-taxable","13":"product-type-simple"},"acf":[],"_links":{"self":[{"href":"https:\/\/nbg.eu\/da\/wp-json\/wp\/v2\/product\/694628","targetHints":{"allow":["GET"]}}],"collection":[{"href":"https:\/\/nbg.eu\/da\/wp-json\/wp\/v2\/product"}],"about":[{"href":"https:\/\/nbg.eu\/da\/wp-json\/wp\/v2\/types\/product"}],"wp:featuredmedia":[{"embeddable":true,"href":"https:\/\/nbg.eu\/da\/wp-json\/wp\/v2\/media\/26000"}],"wp:attachment":[{"href":"https:\/\/nbg.eu\/da\/wp-json\/wp\/v2\/media?parent=694628"}],"wp:term":[{"taxonomy":"product_brand","embeddable":true,"href":"https:\/\/nbg.eu\/da\/wp-json\/wp\/v2\/product_brand?post=694628"},{"taxonomy":"product_cat","embeddable":true,"href":"https:\/\/nbg.eu\/da\/wp-json\/wp\/v2\/product_cat?post=694628"},{"taxonomy":"product_tag","embeddable":true,"href":"https:\/\/nbg.eu\/da\/wp-json\/wp\/v2\/product_tag?post=694628"}],"curies":[{"name":"wp","href":"https:\/\/api.w.org\/{rel}","templated":true}]}}