{"id":694720,"date":"2024-08-17T15:43:53","date_gmt":"2024-08-17T12:43:53","guid":{"rendered":"https:\/\/nbg.eu\/product\/thumbrest-4-48-alu-black-kmr\/"},"modified":"2026-05-13T16:03:17","modified_gmt":"2026-05-13T13:03:17","slug":"thumbrest-4-48-alu-black-kmr","status":"publish","type":"product","link":"https:\/\/nbg.eu\/da\/vare\/thumbrest-4-48-alu-black-kmr\/","title":{"rendered":"KMR Tommelst\u00f8tte 4-48\u00b0 ALU Sort til Orca 2023"},"content":{"rendered":"<h2>THUMBREST 4-48\u00b0 ALU SORT KMR<\/h2>\n<p>Forbedre din skydeoplevelse med THUMBREST 4-48\u00b0 ALU SORT KMR. Dette innovative tilbeh\u00f8r giver et behageligt og stabilt greb p\u00e5 dit v\u00e5ben, hvilket giver dig bedre kontrol og n\u00f8jagtighed under skydning.<\/p>\n<p>Designet til brug med Weapons KMR, specifikt KMR L-02 ORCA-modellen indtil 2023, har tommelfingerpladen et fleksibelt justeringsomr\u00e5de p\u00e5 4-48\u00b0. Denne justerbarhed sikrer en tilpasset pasform, der im\u00f8dekommer din personlige skydestil og pr\u00e6ferencer.<\/p>\n<p>Forbedre din skydepr\u00e6station og \u00f8g din kontrol med THUMBREST 4-48\u00b0 ALU SORT KMR. L\u00f8ft din skydeoplevelse og tag dine f\u00e6rdigheder til det n\u00e6ste niveau.<\/p>\n","protected":false},"excerpt":{"rendered":"<p>Behagelig greb, stabiliseret pistol, bedre kontrol til KMR L-02 ORCA.<\/p>\n","protected":false},"featured_media":24241,"template":"","meta":{"_acf_changed":false},"product_brand":[11506],"product_cat":[13089],"product_tag":[],"class_list":{"0":"post-694720","1":"product","2":"type-product","3":"status-publish","4":"has-post-thumbnail","6":"product_brand-kmr-precision","7":"product_cat-kmr-dele","9":"first","10":"instock","11":"taxable","12":"shipping-taxable","13":"product-type-simple"},"acf":[],"_links":{"self":[{"href":"https:\/\/nbg.eu\/da\/wp-json\/wp\/v2\/product\/694720","targetHints":{"allow":["GET"]}}],"collection":[{"href":"https:\/\/nbg.eu\/da\/wp-json\/wp\/v2\/product"}],"about":[{"href":"https:\/\/nbg.eu\/da\/wp-json\/wp\/v2\/types\/product"}],"wp:featuredmedia":[{"embeddable":true,"href":"https:\/\/nbg.eu\/da\/wp-json\/wp\/v2\/media\/24241"}],"wp:attachment":[{"href":"https:\/\/nbg.eu\/da\/wp-json\/wp\/v2\/media?parent=694720"}],"wp:term":[{"taxonomy":"product_brand","embeddable":true,"href":"https:\/\/nbg.eu\/da\/wp-json\/wp\/v2\/product_brand?post=694720"},{"taxonomy":"product_cat","embeddable":true,"href":"https:\/\/nbg.eu\/da\/wp-json\/wp\/v2\/product_cat?post=694720"},{"taxonomy":"product_tag","embeddable":true,"href":"https:\/\/nbg.eu\/da\/wp-json\/wp\/v2\/product_tag?post=694720"}],"curies":[{"name":"wp","href":"https:\/\/api.w.org\/{rel}","templated":true}]}}