{"id":694784,"date":"2024-08-17T16:53:09","date_gmt":"2024-08-17T13:53:09","guid":{"rendered":"https:\/\/nbg.eu\/product\/thumbrest-for-kmr-red-dot-sight-frame-mount-alu-black\/"},"modified":"2026-04-16T16:23:15","modified_gmt":"2026-04-16T13:23:15","slug":"thumbrest-for-kmr-red-dot-sight-frame-mount-alu-black","status":"publish","type":"product","link":"https:\/\/nbg.eu\/da\/vare\/thumbrest-for-kmr-red-dot-sight-frame-mount-alu-black\/","title":{"rendered":"KMR Tommelst\u00f8tte for Red Dot Sight Frame-Mount ALU Sort"},"content":{"rendered":"<h2>Tommelst\u00f8tte til KMR R\u00f8d Prik Sigte Ramme-Montering Alu &#8211; Sort<\/h2>\n<p>Opn\u00e5 overlegen recultureh\u00e5ndtering og konsistent h\u00e5ndsindeksering for dine ramme-monterede optiske systemer med Tommelst\u00f8tten til KMR R\u00f8d Prik Sigte Ramme-Montering Alu &#8211; Sort. Fremstillet af h\u00f8jkvalitets CNC-fr\u00e6set aluminium, er dette tilbeh\u00f8r designet specielt til KMR ramme-monterings m\u00f8nstre og har en aggressiv &#8220;gasspedal&#8221; tekstur og en mat sort anodiseret finish.<\/p>\n<p>Tommelst\u00f8tten giver et dedikeret l\u00f8ftepunkt for din st\u00f8tteh\u00e5nd tommel, hvilket g\u00f8r det muligt at modvirke mundingsmundingskast ved at anvende nedadg\u00e5ende tryk direkte p\u00e5 rammen, uafh\u00e6ngigt af skydeenheden. Dette innovative design muligg\u00f8r v\u00e6sentligt hurtigere generhvervelse af m\u00e5l og hj\u00e6lper dig med at opretholde en fladere skydeprofil under hurtige ildserier.<\/p>\n","protected":false},"excerpt":{"rendered":"<p>Tommelst\u00f8tte til KMR Red Dot Sight Frame-Mount Alu &#8211; Sort. Giver overlegen recul-h\u00e5ndtering og konsistent h\u00e5ndindeksering til ramme-monterede optiske systemer.<\/p>\n","protected":false},"featured_media":24264,"template":"","meta":{"_acf_changed":false},"product_brand":[11506],"product_cat":[13089],"product_tag":[],"class_list":{"0":"post-694784","1":"product","2":"type-product","3":"status-publish","4":"has-post-thumbnail","6":"product_brand-kmr-precision","7":"product_cat-kmr-dele","9":"first","10":"instock","11":"taxable","12":"shipping-taxable","13":"product-type-simple"},"acf":[],"_links":{"self":[{"href":"https:\/\/nbg.eu\/da\/wp-json\/wp\/v2\/product\/694784","targetHints":{"allow":["GET"]}}],"collection":[{"href":"https:\/\/nbg.eu\/da\/wp-json\/wp\/v2\/product"}],"about":[{"href":"https:\/\/nbg.eu\/da\/wp-json\/wp\/v2\/types\/product"}],"wp:featuredmedia":[{"embeddable":true,"href":"https:\/\/nbg.eu\/da\/wp-json\/wp\/v2\/media\/24264"}],"wp:attachment":[{"href":"https:\/\/nbg.eu\/da\/wp-json\/wp\/v2\/media?parent=694784"}],"wp:term":[{"taxonomy":"product_brand","embeddable":true,"href":"https:\/\/nbg.eu\/da\/wp-json\/wp\/v2\/product_brand?post=694784"},{"taxonomy":"product_cat","embeddable":true,"href":"https:\/\/nbg.eu\/da\/wp-json\/wp\/v2\/product_cat?post=694784"},{"taxonomy":"product_tag","embeddable":true,"href":"https:\/\/nbg.eu\/da\/wp-json\/wp\/v2\/product_tag?post=694784"}],"curies":[{"name":"wp","href":"https:\/\/api.w.org\/{rel}","templated":true}]}}