{"id":694816,"date":"2024-09-17T08:32:39","date_gmt":"2024-09-17T05:32:39","guid":{"rendered":"https:\/\/nbg.eu\/product\/trigger-bar-sa-da-kmr-w\/"},"modified":"2026-05-13T16:00:54","modified_gmt":"2026-05-13T13:00:54","slug":"trigger-bar-sa-da-kmr-w","status":"publish","type":"product","link":"https:\/\/nbg.eu\/da\/vare\/trigger-bar-sa-da-kmr-w\/","title":{"rendered":"KMR Aftr\u00e6kkerstang SA\/DA W"},"content":{"rendered":"<h2>Trigger Bar SA\/DA KMR W<\/h2>\n<p>En intern pistolkomponent, der overf\u00f8rer triggerabev\u00e6gelse til affyringsmekanismen p\u00e5 KMR W-modellen b\u00e5de i enkeltskuds- og dobbeltvirkende (SA\/DA) drift. Denne alsidige triggerb\u00f8jle er designet til at integrere problemfrit med f\u00f8lgende KMR-v\u00e5benmodeller:<\/p>\n<ul>\n<p>KMR S-01 LANCE (OR)<\/p>\n<p>KMR S-02 FRA 2024<\/p>\n<p>KMR S-02 INDTIL 2023<\/p>\n<p>KMR W-02 CUDA INDTIL 2023<\/p>\n<p>KMR W-02 UMBRA<\/p>\n<p>KMR W-02 UMBRA (OR)<\/p>\n<\/ul>\n<p>Referencenummer: 0900-00401-0900.<\/p>\n","protected":false},"excerpt":{"rendered":"<p>Overf\u00f8rsel udl\u00f8ser bev\u00e6gelse til affyringsmekanisme p\u00e5 KMR W-modeller, SA\/DA.<\/p>\n","protected":false},"featured_media":25516,"template":"","meta":{"_acf_changed":false},"product_brand":[11506],"product_cat":[13089],"product_tag":[],"class_list":{"0":"post-694816","1":"product","2":"type-product","3":"status-publish","4":"has-post-thumbnail","6":"product_brand-kmr-precision","7":"product_cat-kmr-dele","9":"first","10":"instock","11":"taxable","12":"shipping-taxable","13":"product-type-simple"},"acf":[],"_links":{"self":[{"href":"https:\/\/nbg.eu\/da\/wp-json\/wp\/v2\/product\/694816","targetHints":{"allow":["GET"]}}],"collection":[{"href":"https:\/\/nbg.eu\/da\/wp-json\/wp\/v2\/product"}],"about":[{"href":"https:\/\/nbg.eu\/da\/wp-json\/wp\/v2\/types\/product"}],"wp:featuredmedia":[{"embeddable":true,"href":"https:\/\/nbg.eu\/da\/wp-json\/wp\/v2\/media\/25516"}],"wp:attachment":[{"href":"https:\/\/nbg.eu\/da\/wp-json\/wp\/v2\/media?parent=694816"}],"wp:term":[{"taxonomy":"product_brand","embeddable":true,"href":"https:\/\/nbg.eu\/da\/wp-json\/wp\/v2\/product_brand?post=694816"},{"taxonomy":"product_cat","embeddable":true,"href":"https:\/\/nbg.eu\/da\/wp-json\/wp\/v2\/product_cat?post=694816"},{"taxonomy":"product_tag","embeddable":true,"href":"https:\/\/nbg.eu\/da\/wp-json\/wp\/v2\/product_tag?post=694816"}],"curies":[{"name":"wp","href":"https:\/\/api.w.org\/{rel}","templated":true}]}}