{"id":694867,"date":"2025-03-09T15:43:31","date_gmt":"2025-03-09T12:43:31","guid":{"rendered":"https:\/\/nbg.eu\/product\/blue-force-gear-trauma-kit-now-medium-medical-supplies\/"},"modified":"2026-05-13T16:43:13","modified_gmt":"2026-05-13T13:43:13","slug":"blue-force-gear-trauma-kit-now-medium-medical-supplies","status":"publish","type":"product","link":"https:\/\/nbg.eu\/da\/vare\/blue-force-gear-trauma-kit-now-medium-medical-supplies\/","title":{"rendered":"Blue Force Gear Trauma Kit NOW! Medium Medical Supplies"},"content":{"rendered":"<h2>Blue Force Gear Trauma Kit NOW! (Medium)<\/h2>\n<p>Hurtig adgang til livsvigtige medicinske genstande med Blue Force Gear Trauma Kit NOW! (Medium). Med hurtig, enkelthandsadgang er dette kit udviklet til &#8220;\u00f8jeblikkelig indsats&#8221; ved medicinske n\u00f8dstilf\u00e6lde. Tr\u00e6kh\u00e5ndtags-designet g\u00f8r det muligt at udrulle hele den medicinske indsats med en enkelt bev\u00e6gelse med begge h\u00e6nder, s\u00e5 kritiske forsyninger som tourniketter, brysts\u00f8m og h\u00e6mostatikaagenter er tilg\u00e6ngelige p\u00e5 f\u00e5 sekunder, n\u00e5r hvert \u00f8jeblik t\u00e6ller.<\/p>\n<p>Bygget med BLIP (Ballistic Line Integrated Pull) h\u00e5ndtagsteknologi, Helium Whisper fastg\u00f8relsessystem og MIL-SPEC 500D Cordura-konstruktion er Trauma Kit NOW! (Medium) en holdbar og p\u00e5lidelig l\u00f8sning til dine medicinske beredskapsbehov. Dens todelte design med en ydre lomme og en aftagelig indre b\u00e6rer giver fleksibilitet og organisering, s\u00e5 du altid er klar til en n\u00f8dsituation.<\/p>\n","protected":false},"excerpt":{"rendered":"<p>Hurtig-adgang traumes\u00e6t med livsvigtige f\u00f8rstehj\u00e6lpsudstyr.<\/p>\n","protected":false},"featured_media":251677,"template":"","meta":{"_acf_changed":false},"product_brand":[11124],"product_cat":[13096],"product_tag":[],"class_list":{"0":"post-694867","1":"product","2":"type-product","3":"status-publish","4":"has-post-thumbnail","6":"product_brand-blue-force-gear","7":"product_cat-medicin","9":"first","10":"instock","11":"taxable","12":"shipping-taxable","13":"purchasable","14":"product-type-variable","15":"wvs-archive-product-wrapper"},"acf":[],"_links":{"self":[{"href":"https:\/\/nbg.eu\/da\/wp-json\/wp\/v2\/product\/694867","targetHints":{"allow":["GET"]}}],"collection":[{"href":"https:\/\/nbg.eu\/da\/wp-json\/wp\/v2\/product"}],"about":[{"href":"https:\/\/nbg.eu\/da\/wp-json\/wp\/v2\/types\/product"}],"wp:featuredmedia":[{"embeddable":true,"href":"https:\/\/nbg.eu\/da\/wp-json\/wp\/v2\/media\/251677"}],"wp:attachment":[{"href":"https:\/\/nbg.eu\/da\/wp-json\/wp\/v2\/media?parent=694867"}],"wp:term":[{"taxonomy":"product_brand","embeddable":true,"href":"https:\/\/nbg.eu\/da\/wp-json\/wp\/v2\/product_brand?post=694867"},{"taxonomy":"product_cat","embeddable":true,"href":"https:\/\/nbg.eu\/da\/wp-json\/wp\/v2\/product_cat?post=694867"},{"taxonomy":"product_tag","embeddable":true,"href":"https:\/\/nbg.eu\/da\/wp-json\/wp\/v2\/product_tag?post=694867"}],"curies":[{"name":"wp","href":"https:\/\/api.w.org\/{rel}","templated":true}]}}