{"id":695280,"date":"2024-09-18T20:47:10","date_gmt":"2024-09-18T17:47:10","guid":{"rendered":"https:\/\/nbg.eu\/product\/weaver-r-n-for-benelli-argo\/"},"modified":"2026-05-13T16:03:02","modified_gmt":"2026-05-13T13:03:02","slug":"weaver-r-n-for-benelli-argo","status":"publish","type":"product","link":"https:\/\/nbg.eu\/da\/vare\/weaver-r-n-for-benelli-argo\/","title":{"rendered":"Weaver R\/N for Benelli ARGO"},"content":{"rendered":"<h2>Weaver-skinne til Benelli ARGO (R\/N): Solid montering af optik til din Benelli ARGO<\/h2>\n<p>Forbedre ydelsen af din Benelli ARGO med Weaver-skinnen til Benelli ARGO (R\/N). Fremstillet af h\u00f8jstyrkest\u00e5l og med en Weaver\/Picatinny-standard, er denne skinne designet til at give en solid og urokkelig base til montering af kikkertsigte, r\u00f8dpunkter og andre optiske sigtesystemer.<\/p>\n<p>Den &#8220;R\/N&#8221; (Rounded\/Negative) radius p\u00e5 skinnen passer perfekt til formen p\u00e5 Benelli ARGO-modtageren, hvilket sikrer en 100% kontaktflade. Dette n\u00f8je design forhindrer, at skinnen forskubber sig eller bliver l\u00f8s, selv ved hurtig gentagen affyring af magnum-patroner.<\/p>\n<p>Med en mat sort finish passer Weaver-skinnen til Benelli ARGO (R\/N) perfekt ind i riffelens \u00e6stetik, samtidig med at den leverer den stabilitet og p\u00e5lidelighed, du har brug for til pr\u00e6cist, langdistanceskydning. Forbedre ydelsen af din Benelli ARGO og tag din skydeoplevelse til nye h\u00f8jder med denne kvalitets-Weaver-skinne.<\/p>\n","protected":false},"excerpt":{"rendered":"<p>Weaver-skinne til Benelli ARGO (R\/N) tilbyder h\u00f8j stabilitet til optisk montering af din semiauto-riffel.<\/p>\n","protected":false},"featured_media":64701,"template":"","meta":{"_acf_changed":false},"product_brand":[],"product_cat":[14888,13090],"product_tag":[],"class_list":{"0":"post-695280","1":"product","2":"type-product","3":"status-publish","4":"has-post-thumbnail","6":"product_cat-mounts-da","7":"product_cat-sigtning","9":"first","10":"outofstock","11":"taxable","12":"shipping-taxable","13":"purchasable","14":"product-type-simple"},"acf":[],"_links":{"self":[{"href":"https:\/\/nbg.eu\/da\/wp-json\/wp\/v2\/product\/695280","targetHints":{"allow":["GET"]}}],"collection":[{"href":"https:\/\/nbg.eu\/da\/wp-json\/wp\/v2\/product"}],"about":[{"href":"https:\/\/nbg.eu\/da\/wp-json\/wp\/v2\/types\/product"}],"wp:featuredmedia":[{"embeddable":true,"href":"https:\/\/nbg.eu\/da\/wp-json\/wp\/v2\/media\/64701"}],"wp:attachment":[{"href":"https:\/\/nbg.eu\/da\/wp-json\/wp\/v2\/media?parent=695280"}],"wp:term":[{"taxonomy":"product_brand","embeddable":true,"href":"https:\/\/nbg.eu\/da\/wp-json\/wp\/v2\/product_brand?post=695280"},{"taxonomy":"product_cat","embeddable":true,"href":"https:\/\/nbg.eu\/da\/wp-json\/wp\/v2\/product_cat?post=695280"},{"taxonomy":"product_tag","embeddable":true,"href":"https:\/\/nbg.eu\/da\/wp-json\/wp\/v2\/product_tag?post=695280"}],"curies":[{"name":"wp","href":"https:\/\/api.w.org\/{rel}","templated":true}]}}