{"id":696310,"date":"2025-12-22T17:18:06","date_gmt":"2025-12-22T14:18:06","guid":{"rendered":"https:\/\/nbg.eu\/product\/atlas-duffel-bag\/"},"modified":"2026-04-15T14:13:21","modified_gmt":"2026-04-15T11:13:21","slug":"atlas-duffel-bag","status":"publish","type":"product","link":"https:\/\/nbg.eu\/da\/vare\/atlas-duffel-bag\/","title":{"rendered":"Eberlestock Duffeltaske Atlas"},"content":{"rendered":"<h2>Atlas Duffel: B\u00e6re dit udstyr med stil og lethed<\/h2>\n<p>Atlas Duffel er lillebroren til vores popul\u00e6re Hercules Duffel og tilbyder alle de samme funktioner, som folk elsker. Med et stort hovedkammer, polstrede skillev\u00e6gge, seks ydre lynl\u00e5slommer og et h\u00e5rdsidigt k\u00e6lderrum nedenunder er denne holdbare duffelbag designet til at holde dit udstyr organiseret og beskyttet.<\/p>\n<p>Sikret med l\u00e5sbare YKK-sikkerhedslynl\u00e5se sikrer Atlas Duffel, at dine ejendele er sikre, selv under de h\u00e5rdeste betingelser. Det medf\u00f8lgende regnslag giver et ekstra lag beskyttelse, der beskytter dit udstyr mod fugt og st\u00f8v.<\/p>\n<p>Med imponerende m\u00e5l p\u00e5 29,5H x 16B x 16D, med et volumen p\u00e5 5.844 c.i. \/ 95,77L og en v\u00e6gt p\u00e5 12 pund 12 oz tilbyder Atlas Duffel rigeligt med plads til at rumme alle dine n\u00f8dvendigheder. Det 4 tommer dybe bundkammer giver en bekvem plads til at opbevare de ting, du har brug for at f\u00e5 fat i hurtigt.<\/p>\n<p>Fremstillet med et h\u00e5rdskalsbund og servicerbare hjul er Atlas Duffel bygget til at modst\u00e5 rejsens strabadser. Dens indvendige lommer og justerbare velcrodele giver mulighed for at tilpasse organiseringen til dine specifikke behov, hvilket g\u00f8r den til den perfekte f\u00f8lgesvend p\u00e5 dine eventyr.<\/p>\n","protected":false},"excerpt":{"rendered":"<p>Atlas Duffel er en rummelig og alsidig taske med en h\u00e5rdsiddet base, polstrede skillev\u00e6gge og et regnslag til al vejrbeskyttelse.<\/p>\n","protected":false},"featured_media":696355,"template":"","meta":{"_acf_changed":false},"product_brand":[15141],"product_cat":[13079],"product_tag":[],"class_list":{"0":"post-696310","1":"product","2":"type-product","3":"status-publish","4":"has-post-thumbnail","6":"product_brand-eberlestock","7":"product_cat-rangetasker","9":"first","10":"instock","11":"taxable","12":"shipping-taxable","13":"purchasable","14":"product-type-variable","15":"wvs-archive-product-wrapper"},"acf":[],"_links":{"self":[{"href":"https:\/\/nbg.eu\/da\/wp-json\/wp\/v2\/product\/696310","targetHints":{"allow":["GET"]}}],"collection":[{"href":"https:\/\/nbg.eu\/da\/wp-json\/wp\/v2\/product"}],"about":[{"href":"https:\/\/nbg.eu\/da\/wp-json\/wp\/v2\/types\/product"}],"wp:featuredmedia":[{"embeddable":true,"href":"https:\/\/nbg.eu\/da\/wp-json\/wp\/v2\/media\/696355"}],"wp:attachment":[{"href":"https:\/\/nbg.eu\/da\/wp-json\/wp\/v2\/media?parent=696310"}],"wp:term":[{"taxonomy":"product_brand","embeddable":true,"href":"https:\/\/nbg.eu\/da\/wp-json\/wp\/v2\/product_brand?post=696310"},{"taxonomy":"product_cat","embeddable":true,"href":"https:\/\/nbg.eu\/da\/wp-json\/wp\/v2\/product_cat?post=696310"},{"taxonomy":"product_tag","embeddable":true,"href":"https:\/\/nbg.eu\/da\/wp-json\/wp\/v2\/product_tag?post=696310"}],"curies":[{"name":"wp","href":"https:\/\/api.w.org\/{rel}","templated":true}]}}