{"id":696678,"date":"2025-12-22T15:43:37","date_gmt":"2025-12-22T12:43:37","guid":{"rendered":"https:\/\/nbg.eu\/product\/mission-assault-pack-multicam\/"},"modified":"2026-04-15T14:13:35","modified_gmt":"2026-04-15T11:13:35","slug":"mission-assault-pack-multicam","status":"publish","type":"product","link":"https:\/\/nbg.eu\/da\/vare\/mission-assault-pack-multicam\/","title":{"rendered":"Eberlestock Assaultrygs\u00e6k Mission &#8211; Multicam"},"content":{"rendered":"<h2>Mission Assault Pack &#8211; Multicam<\/h2>\n<p>Bygget fra bunden for at passe perfekt i en gruppe, er Assault Pack designet til at fungere sammen med Mission Frame for et str\u00f8mlinjet, b\u00e6redygtigt system. Med en r\u00e6kke organisatoriske funktioner, en sikker og justerbar pasform og hurtig adgang til indersiden holder Assault Pack dig p\u00e5 rette kurs. Muligheden for yderligere at tilf\u00f8je tilbeh\u00f8r og funktioner via Mission EMOD-systemet styrker yderligere denne rygs\u00e6ks kapacitet.<\/p>\n<p>Med en v\u00e6gt p\u00e5 1 lb 12 oz er Assault Pack bygget med slidst\u00e6rke 500D Ripstop-materialer og tilbyder en gener\u00f8s kapacitet p\u00e5 2.000 kubiktommer til at rumme dit n\u00f8dvendige udstyr.<\/p>\n","protected":false},"excerpt":{"rendered":"<p>Alsidig, modul\u00e6r angrebsrygs\u00e6k med organisatoriske funktioner og EMOD-kompatibilitet.<\/p>\n","protected":false},"featured_media":696697,"template":"","meta":{"_acf_changed":false},"product_brand":[15141],"product_cat":[13083],"product_tag":[],"class_list":{"0":"post-696678","1":"product","2":"type-product","3":"status-publish","4":"has-post-thumbnail","6":"product_brand-eberlestock","7":"product_cat-rygsaekke","9":"first","10":"outofstock","11":"taxable","12":"shipping-taxable","13":"purchasable","14":"product-type-variable","15":"wvs-archive-product-wrapper"},"acf":[],"_links":{"self":[{"href":"https:\/\/nbg.eu\/da\/wp-json\/wp\/v2\/product\/696678","targetHints":{"allow":["GET"]}}],"collection":[{"href":"https:\/\/nbg.eu\/da\/wp-json\/wp\/v2\/product"}],"about":[{"href":"https:\/\/nbg.eu\/da\/wp-json\/wp\/v2\/types\/product"}],"wp:featuredmedia":[{"embeddable":true,"href":"https:\/\/nbg.eu\/da\/wp-json\/wp\/v2\/media\/696697"}],"wp:attachment":[{"href":"https:\/\/nbg.eu\/da\/wp-json\/wp\/v2\/media?parent=696678"}],"wp:term":[{"taxonomy":"product_brand","embeddable":true,"href":"https:\/\/nbg.eu\/da\/wp-json\/wp\/v2\/product_brand?post=696678"},{"taxonomy":"product_cat","embeddable":true,"href":"https:\/\/nbg.eu\/da\/wp-json\/wp\/v2\/product_cat?post=696678"},{"taxonomy":"product_tag","embeddable":true,"href":"https:\/\/nbg.eu\/da\/wp-json\/wp\/v2\/product_tag?post=696678"}],"curies":[{"name":"wp","href":"https:\/\/api.w.org\/{rel}","templated":true}]}}