{"id":696847,"date":"2025-12-22T15:47:55","date_gmt":"2025-12-22T12:47:55","guid":{"rendered":"https:\/\/nbg.eu\/product\/mission-arc-multicam\/"},"modified":"2026-04-15T14:13:31","modified_gmt":"2026-04-15T11:13:31","slug":"mission-arc-multicam","status":"publish","type":"product","link":"https:\/\/nbg.eu\/da\/vare\/mission-arc-multicam\/","title":{"rendered":"Eberlestock Mission ARC &#8211; Multicam"},"content":{"rendered":"<h2>Mission ARC-Multicam: Optimeret gear-b\u00e6rer til effektiv drift<\/h2>\n<p>Mission Adjustable Rifle Carrier (ARC) er en funktionel ressource for professionelle, der har brug for at medbringe yderligere aktiver i felten. ARC \u00f8ger den operationelle kapacitet og er konstrueret til at fungere sammen med Mission EMOD Frame og Mission Zipper Extension. Ved at fastg\u00f8re sig til bagsiden af Mission-rammen via MOLLE-v\u00e6v fungerer ARC som en b\u00e6rer for pr\u00e6cisionsv\u00e5ben, AR-platforme og kan transportere andet missionsrelevant udstyr.<\/p>\n<p>Missionssucces afh\u00e6nger af pr\u00e6cis timing, n\u00f8jagtighed og effektiv inds\u00e6ttelse af tilg\u00e6ngelige ressourcer. ARC blev bygget til at underst\u00f8tte udstyrseftersp\u00f8rgslen p\u00e5 tv\u00e6rs af alle milj\u00f8er. Med 500D stof, en justerbar base, MOLLE-v\u00e6v, fastholdelsesstropper og en forst\u00e6rket Hypalon-base er Mission ARC-Multicam designet til at optimere organisering og tilg\u00e6ngelighed af udstyr i felten.<\/p>\n<p>M\u00e5l: 15&#8243;H x 3&#8243;B<\/p>\n","protected":false},"excerpt":{"rendered":"<p>Den Mission ARC-Multicam er en funktionel, justerbar riffelbaerer, der fastgores til Mission EMOD-rammen, hvilket muligger transport af pr\u00e6cisionsrifler, AR-platforme og missionsaffodende udstyr.<\/p>\n","protected":false},"featured_media":696867,"template":"","meta":{"_acf_changed":false},"product_brand":[15141],"product_cat":[13083],"product_tag":[],"class_list":{"0":"post-696847","1":"product","2":"type-product","3":"status-publish","4":"has-post-thumbnail","6":"product_brand-eberlestock","7":"product_cat-rygsaekke","9":"first","10":"instock","11":"taxable","12":"shipping-taxable","13":"purchasable","14":"product-type-variable","15":"wvs-archive-product-wrapper"},"acf":[],"_links":{"self":[{"href":"https:\/\/nbg.eu\/da\/wp-json\/wp\/v2\/product\/696847","targetHints":{"allow":["GET"]}}],"collection":[{"href":"https:\/\/nbg.eu\/da\/wp-json\/wp\/v2\/product"}],"about":[{"href":"https:\/\/nbg.eu\/da\/wp-json\/wp\/v2\/types\/product"}],"wp:featuredmedia":[{"embeddable":true,"href":"https:\/\/nbg.eu\/da\/wp-json\/wp\/v2\/media\/696867"}],"wp:attachment":[{"href":"https:\/\/nbg.eu\/da\/wp-json\/wp\/v2\/media?parent=696847"}],"wp:term":[{"taxonomy":"product_brand","embeddable":true,"href":"https:\/\/nbg.eu\/da\/wp-json\/wp\/v2\/product_brand?post=696847"},{"taxonomy":"product_cat","embeddable":true,"href":"https:\/\/nbg.eu\/da\/wp-json\/wp\/v2\/product_cat?post=696847"},{"taxonomy":"product_tag","embeddable":true,"href":"https:\/\/nbg.eu\/da\/wp-json\/wp\/v2\/product_tag?post=696847"}],"curies":[{"name":"wp","href":"https:\/\/api.w.org\/{rel}","templated":true}]}}