{"id":697071,"date":"2025-12-22T16:18:10","date_gmt":"2025-12-22T13:18:10","guid":{"rendered":"https:\/\/nbg.eu\/product\/mission-zipper-extension-multicam\/"},"modified":"2026-04-15T14:13:28","modified_gmt":"2026-04-15T11:13:28","slug":"mission-zipper-extension-multicam","status":"publish","type":"product","link":"https:\/\/nbg.eu\/da\/vare\/mission-zipper-extension-multicam\/","title":{"rendered":"Eberlestock Lynl\u00e5sforl\u00e6nger Mission EMOD &#8211; Multicam"},"content":{"rendered":"<h2>Mission Zipper Extension-Multicam<\/h2>\n<p>Mission Zipper Extension kombinerer form\u00e5l og praktisk anvendelse for brugeren. Zip-extensionen s\u00e6ttes fast p\u00e5 forsiden af Mission EMOD-rammen og er designet til at blive brugt sammen med Mission ARC og en Mission-rygs\u00e6k for at \u00f8ge din udstyrskapacitet og alsidighed. MOLLE-v\u00e6vet og dobbeltlags 500D lamineret konstruktion giver dig de n\u00f8dvendige funktioner til effektiv kabelf\u00f8ring, montering af antenner og fastg\u00f8relse af turniketter. Mission Zipper Extension fungerer som et vitalt tilbeh\u00f8r til at styrke din ydeevne i felten.<\/p>\n<h2>Dimensioner<\/h2>\n<p>Dimensioner: 15&#8243; x 3&#8243;<\/p>\n<h2>Funktioner<\/h2>\n<ul>\n<li>500D stof<\/li>\n<li>YKK lynl\u00e5se<\/li>\n<li>Dobbeltlags laminat<\/li>\n<\/ul>\n","protected":false},"excerpt":{"rendered":"<p>Den Mission Zipper Extension-Multicam \u00f8ger kapacitet for udstyr med MOLLE-v\u00e6vsnet og 500D laminatkonstruktion til kabelstyring og antennef\u00f8ring.<\/p>\n","protected":false},"featured_media":697087,"template":"","meta":{"_acf_changed":false},"product_brand":[15141],"product_cat":[13083],"product_tag":[],"class_list":{"0":"post-697071","1":"product","2":"type-product","3":"status-publish","4":"has-post-thumbnail","6":"product_brand-eberlestock","7":"product_cat-rygsaekke","9":"first","10":"instock","11":"taxable","12":"shipping-taxable","13":"purchasable","14":"product-type-variable","15":"wvs-archive-product-wrapper"},"acf":[],"_links":{"self":[{"href":"https:\/\/nbg.eu\/da\/wp-json\/wp\/v2\/product\/697071","targetHints":{"allow":["GET"]}}],"collection":[{"href":"https:\/\/nbg.eu\/da\/wp-json\/wp\/v2\/product"}],"about":[{"href":"https:\/\/nbg.eu\/da\/wp-json\/wp\/v2\/types\/product"}],"wp:featuredmedia":[{"embeddable":true,"href":"https:\/\/nbg.eu\/da\/wp-json\/wp\/v2\/media\/697087"}],"wp:attachment":[{"href":"https:\/\/nbg.eu\/da\/wp-json\/wp\/v2\/media?parent=697071"}],"wp:term":[{"taxonomy":"product_brand","embeddable":true,"href":"https:\/\/nbg.eu\/da\/wp-json\/wp\/v2\/product_brand?post=697071"},{"taxonomy":"product_cat","embeddable":true,"href":"https:\/\/nbg.eu\/da\/wp-json\/wp\/v2\/product_cat?post=697071"},{"taxonomy":"product_tag","embeddable":true,"href":"https:\/\/nbg.eu\/da\/wp-json\/wp\/v2\/product_tag?post=697071"}],"curies":[{"name":"wp","href":"https:\/\/api.w.org\/{rel}","templated":true}]}}