{"id":697206,"date":"2025-12-22T16:34:07","date_gmt":"2025-12-22T13:34:07","guid":{"rendered":"https:\/\/nbg.eu\/product\/mission-frame-emod-multicam\/"},"modified":"2026-04-15T14:13:24","modified_gmt":"2026-04-15T11:13:24","slug":"mission-frame-emod-multicam","status":"publish","type":"product","link":"https:\/\/nbg.eu\/da\/vare\/mission-frame-emod-multicam\/","title":{"rendered":"Eberlestock Ramme Mission EMOD &#8211; Multicam"},"content":{"rendered":"<h2>Mission Frame- EMOD -Multicam<\/h2>\n<p>Grundlaget for Mission EMOD, Mission Frame, er et robust, modul\u00e6rt og kompakt udgangspunkt for din nye udrustning. Efter utallige timer brugt p\u00e5 test og udvikling sammen med specialstyrker fra alle grene, er denne ramme designet til at passe og fungere s\u00f8ml\u00f8st sammen med dit udstyr b\u00e5de p\u00e5 og uden for din person.<\/p>\n<p>Dimensioner: 2 LB 15 OZ<\/p>\n","protected":false},"excerpt":{"rendered":"<p>Den Mission Frame- EMOD -Multicam: et robust, modul\u00e6rt og kompakt udgangspunkt for dit udstyr, designet til specialstyrker.<\/p>\n","protected":false},"featured_media":697234,"template":"","meta":{"_acf_changed":false},"product_brand":[15141],"product_cat":[13083],"product_tag":[],"class_list":{"0":"post-697206","1":"product","2":"type-product","3":"status-publish","4":"has-post-thumbnail","6":"product_brand-eberlestock","7":"product_cat-rygsaekke","9":"first","10":"instock","11":"taxable","12":"shipping-taxable","13":"purchasable","14":"product-type-variable","15":"wvs-archive-product-wrapper"},"acf":[],"_links":{"self":[{"href":"https:\/\/nbg.eu\/da\/wp-json\/wp\/v2\/product\/697206","targetHints":{"allow":["GET"]}}],"collection":[{"href":"https:\/\/nbg.eu\/da\/wp-json\/wp\/v2\/product"}],"about":[{"href":"https:\/\/nbg.eu\/da\/wp-json\/wp\/v2\/types\/product"}],"wp:featuredmedia":[{"embeddable":true,"href":"https:\/\/nbg.eu\/da\/wp-json\/wp\/v2\/media\/697234"}],"wp:attachment":[{"href":"https:\/\/nbg.eu\/da\/wp-json\/wp\/v2\/media?parent=697206"}],"wp:term":[{"taxonomy":"product_brand","embeddable":true,"href":"https:\/\/nbg.eu\/da\/wp-json\/wp\/v2\/product_brand?post=697206"},{"taxonomy":"product_cat","embeddable":true,"href":"https:\/\/nbg.eu\/da\/wp-json\/wp\/v2\/product_cat?post=697206"},{"taxonomy":"product_tag","embeddable":true,"href":"https:\/\/nbg.eu\/da\/wp-json\/wp\/v2\/product_tag?post=697206"}],"curies":[{"name":"wp","href":"https:\/\/api.w.org\/{rel}","templated":true}]}}