{"id":697546,"date":"2025-12-22T17:34:47","date_gmt":"2025-12-22T14:34:47","guid":{"rendered":"https:\/\/nbg.eu\/product\/knaldrange-taske\/"},"modified":"2026-04-15T14:13:17","modified_gmt":"2026-04-15T11:13:17","slug":"knaldrange-taske","status":"publish","type":"product","link":"https:\/\/nbg.eu\/da\/vare\/knaldrange-taske\/","title":{"rendered":"Eberlestock Skydebanetaske Bang-Bang"},"content":{"rendered":"<h2>Bang-Bang Range Taske<\/h2>\n<p>Bang Bang\u2122 blev udviklet som en kompakt rangetaske til at rumme alt dit n\u00f8dvendige udstyr og beskytte det mod de elementer. Polycarbonatsundertaget g\u00f8r tasken uigennemtr\u00e6ngelig over for v\u00e5d jord, sten, affald og rangest\u00f8v.<\/p>\n<p>Hovedrummet har justerbare, polstrede skillere for at holde medicinske artikler, v\u00e6rkt\u00f8j, kameraudstyr og rangeudstyr sikkert og organiseret. K\u00e6lderkammeret i bunden er perfekt til h\u00e5ndv\u00e5ben, v\u00e6rkt\u00f8j eller endda en kompakt karabin.<\/p>\n<h2>Dimensioner<\/h2>\n<p>Volumen: 2062,5 c.i. \/ 33,80L<br \/>\nV\u00e6gt: 4 lbs<br \/>\nDimensioner: 10,25H x 21B x 10D<br \/>\nBunden Kammer Specifikationer 21,5&#8243; L x 9,5&#8243; B x 2&#8243; D<\/p>\n<h2>Funktioner<\/h2>\n<ul>\n<li>Polycarbonatsunderstel<\/li>\n<li>Polstret, konfigur\u00e9rbart hovedrum<\/li>\n<li>Justerbar skulderrem<\/li>\n<li>Tilpasselige organiserings-skilledele<\/li>\n<li>K\u00e6lderkammer til sikker opbevaring<\/li>\n<\/ul>\n","protected":false},"excerpt":{"rendered":"<p>Bang-Bang Range Taske er en kompakt, holdbar taske med en polycarbonbund og et konfigurerbart indvendigt design til at beskytte dit n\u00f8dvendige udstyr.<\/p>\n","protected":false},"featured_media":697564,"template":"","meta":{"_acf_changed":false},"product_brand":[15141],"product_cat":[13079],"product_tag":[],"class_list":{"0":"post-697546","1":"product","2":"type-product","3":"status-publish","4":"has-post-thumbnail","6":"product_brand-eberlestock","7":"product_cat-rangetasker","9":"first","10":"instock","11":"taxable","12":"shipping-taxable","13":"purchasable","14":"product-type-variable","15":"wvs-archive-product-wrapper"},"acf":[],"_links":{"self":[{"href":"https:\/\/nbg.eu\/da\/wp-json\/wp\/v2\/product\/697546","targetHints":{"allow":["GET"]}}],"collection":[{"href":"https:\/\/nbg.eu\/da\/wp-json\/wp\/v2\/product"}],"about":[{"href":"https:\/\/nbg.eu\/da\/wp-json\/wp\/v2\/types\/product"}],"wp:featuredmedia":[{"embeddable":true,"href":"https:\/\/nbg.eu\/da\/wp-json\/wp\/v2\/media\/697564"}],"wp:attachment":[{"href":"https:\/\/nbg.eu\/da\/wp-json\/wp\/v2\/media?parent=697546"}],"wp:term":[{"taxonomy":"product_brand","embeddable":true,"href":"https:\/\/nbg.eu\/da\/wp-json\/wp\/v2\/product_brand?post=697546"},{"taxonomy":"product_cat","embeddable":true,"href":"https:\/\/nbg.eu\/da\/wp-json\/wp\/v2\/product_cat?post=697546"},{"taxonomy":"product_tag","embeddable":true,"href":"https:\/\/nbg.eu\/da\/wp-json\/wp\/v2\/product_tag?post=697546"}],"curies":[{"name":"wp","href":"https:\/\/api.w.org\/{rel}","templated":true}]}}