{"id":697988,"date":"2025-12-22T17:41:31","date_gmt":"2025-12-22T14:41:31","guid":{"rendered":"https:\/\/nbg.eu\/product\/opgangsrangerpakke\/"},"modified":"2026-01-07T13:14:46","modified_gmt":"2026-01-07T10:14:46","slug":"opgangsrangerpakke","status":"publish","type":"product","link":"https:\/\/nbg.eu\/da\/vare\/opgangsrangerpakke\/","title":{"rendered":"Opgangsrangerpakke"},"content":{"rendered":"<h2>UpRanger-pakke: Revolutioner din 3-Gun- og outdoor-udstyrspose<\/h2>\n<p>Inspireret af behovene hos en mester i 3-Gun, \u00e6ndrer UpRanger\u2122-pakken spillet. Designet til at blive tabt p\u00e5 dens holdbare polycarbonate ydre flade, kan pakken \u00e5bnes fra sele-siden for hurtig adgang til dit udstyr uden un\u00f8dvendigt slid eller snavs. Uanset om du bruger den p\u00e5 skydebanerne, som en robust kamerataske eller til enhver anden outdoor-aktivitet, har UpRanger kapaciteten og funktionerne til at h\u00e5ndtere det hele.<\/p>\n<p>Med et rummeligt volumen p\u00e5 3260 kubiktommer (53,4 L) og en v\u00e6gt p\u00e5 kun 6,45 lbs er UpRanger en meget kapabel, men let pakke.Dens polstrede, justerbare skuldersele sikrer en behagelig b\u00e6ring, mens de konfigurerede skillev\u00e6gge giver dig mulighed for at tilpasse indretningen af indvendige layout til dine specifikke behov. For yderligere beskyttelse er pakken kompatibel med vores store, reversible regnslag, s\u00e5 dine ting holdes t\u00f8rre i d\u00e5rligt vejr.<\/p>\n<p>For den ultimative 3-Gun-ops\u00e6tning kan du kombinere UpRanger med vores Sidewinder-riffelkasser til en komplet l\u00f8sning, der holder dine skydev\u00e5ben sikre og let tilg\u00e6ngelige. De aftagelige sidepaneler giver yderligere alsidighed, s\u00e5 du kan konfigurere pakken efter dine unikke krav.<\/p>\n<p>Opgrad\u00e9r din outdoor-udstyrsorganisering med den innovative UpRanger-pakke, der er designet til at str\u00f8mline dine aktiviteter og holde dit vigtige udstyr organiseret og beskyttet.<\/p>\n","protected":false},"excerpt":{"rendered":"<p>Alsidig 3-w\u00e5ben-pakke med polycarbonatbase til hurtig, smudsfriadf\u00e6rdsel.<\/p>\n","protected":false},"featured_media":696427,"template":"","meta":{"_acf_changed":false},"product_brand":[15141],"product_cat":[13083],"product_tag":[],"class_list":{"0":"post-697988","1":"product","2":"type-product","3":"status-publish","4":"has-post-thumbnail","6":"product_brand-eberlestock","7":"product_cat-rygsaekke","9":"first","10":"instock","11":"taxable","12":"shipping-taxable","13":"purchasable","14":"product-type-variable","15":"wvs-archive-product-wrapper"},"acf":[],"_links":{"self":[{"href":"https:\/\/nbg.eu\/da\/wp-json\/wp\/v2\/product\/697988","targetHints":{"allow":["GET"]}}],"collection":[{"href":"https:\/\/nbg.eu\/da\/wp-json\/wp\/v2\/product"}],"about":[{"href":"https:\/\/nbg.eu\/da\/wp-json\/wp\/v2\/types\/product"}],"wp:featuredmedia":[{"embeddable":true,"href":"https:\/\/nbg.eu\/da\/wp-json\/wp\/v2\/media\/696427"}],"wp:attachment":[{"href":"https:\/\/nbg.eu\/da\/wp-json\/wp\/v2\/media?parent=697988"}],"wp:term":[{"taxonomy":"product_brand","embeddable":true,"href":"https:\/\/nbg.eu\/da\/wp-json\/wp\/v2\/product_brand?post=697988"},{"taxonomy":"product_cat","embeddable":true,"href":"https:\/\/nbg.eu\/da\/wp-json\/wp\/v2\/product_cat?post=697988"},{"taxonomy":"product_tag","embeddable":true,"href":"https:\/\/nbg.eu\/da\/wp-json\/wp\/v2\/product_tag?post=697988"}],"curies":[{"name":"wp","href":"https:\/\/api.w.org\/{rel}","templated":true}]}}