{"id":698299,"date":"2025-12-22T17:45:44","date_gmt":"2025-12-22T14:45:44","guid":{"rendered":"https:\/\/nbg.eu\/product\/jorddaeknings-skydesmaatte\/"},"modified":"2026-04-15T14:13:14","modified_gmt":"2026-04-15T11:13:14","slug":"jorddaeknings-skydesmaatte","status":"publish","type":"product","link":"https:\/\/nbg.eu\/da\/vare\/jorddaeknings-skydesmaatte\/","title":{"rendered":"Eberlestock Skyddem\u00e5tte Dirt Nap"},"content":{"rendered":"<h2>Dirt Nap Skydningsm\u00e5tte: Optimeret til bekvem og praktisk stilskydning<\/h2>\n<p>Dirt Nap Skydningsm\u00e5tten er ekspertdesignet og prioriteret til liggende skydeposition. Den forbedrer dine udflugter med overlegen komfort og praktisk anvendelighed, hvilket g\u00f8r den til et essentielt element i dit sortiment til en dag p\u00e5 skydebanen.<\/p>\n<p>Dirt Nap har individuelt polstrede celler, der danner naturlige folder, hvilket muligg\u00f8r enkel sammenfoldning og kompakt opbevaring. Med fuld polstring i den \u00f8verste halvdel og ned gennem midten af den bagerste halvdel yder den maksimal komfort pr\u00e6cis, hvor du har mest brug for det.<\/p>\n<p>Med m\u00e5lene 94&#8243; L x 34&#8243; B og sammenfoldning til kompakte 12&#8243; x 17&#8243; vejer Dirt Nap Skydningsm\u00e5tten kun 4 lbs. 13 oz. Dens holdbare 600D PVC-belagte nylonkonstruktion, PVC-belagt underside og praktisk b\u00e6reh\u00e5ndtag g\u00f8r den til et robust og praktisk valg for enhver skytte.<\/p>\n<p>Opbevaringslappen med 20 mm remme og sp\u00e6nder sikrer, at din Dirt Nap forbliver sikkert p\u00e5 plads, mens de gennemt\u00e6nkte designfunktioner g\u00f8r den til et essentielt stykke udstyr til din n\u00e6ste dag p\u00e5 skydebanen.<\/p>\n","protected":false},"excerpt":{"rendered":"<p>Dirt Nap Skydem\u00e5tte &#8211; ekspertdesignet til skydning fra liggende stilling, der leverer overlegen komfort og praktikalitet.<\/p>\n","protected":false},"featured_media":698432,"template":"","meta":{"_acf_changed":false},"product_brand":[15141],"product_cat":[13147],"product_tag":[],"class_list":{"0":"post-698299","1":"product","2":"type-product","3":"status-publish","4":"has-post-thumbnail","6":"product_brand-eberlestock","7":"product_cat-udstyr","9":"first","10":"instock","11":"taxable","12":"shipping-taxable","13":"purchasable","14":"product-type-variable","15":"wvs-archive-product-wrapper"},"acf":[],"_links":{"self":[{"href":"https:\/\/nbg.eu\/da\/wp-json\/wp\/v2\/product\/698299","targetHints":{"allow":["GET"]}}],"collection":[{"href":"https:\/\/nbg.eu\/da\/wp-json\/wp\/v2\/product"}],"about":[{"href":"https:\/\/nbg.eu\/da\/wp-json\/wp\/v2\/types\/product"}],"wp:featuredmedia":[{"embeddable":true,"href":"https:\/\/nbg.eu\/da\/wp-json\/wp\/v2\/media\/698432"}],"wp:attachment":[{"href":"https:\/\/nbg.eu\/da\/wp-json\/wp\/v2\/media?parent=698299"}],"wp:term":[{"taxonomy":"product_brand","embeddable":true,"href":"https:\/\/nbg.eu\/da\/wp-json\/wp\/v2\/product_brand?post=698299"},{"taxonomy":"product_cat","embeddable":true,"href":"https:\/\/nbg.eu\/da\/wp-json\/wp\/v2\/product_cat?post=698299"},{"taxonomy":"product_tag","embeddable":true,"href":"https:\/\/nbg.eu\/da\/wp-json\/wp\/v2\/product_tag?post=698299"}],"curies":[{"name":"wp","href":"https:\/\/api.w.org\/{rel}","templated":true}]}}