{"id":698716,"date":"2025-12-22T17:51:28","date_gmt":"2025-12-22T14:51:28","guid":{"rendered":"https:\/\/nbg.eu\/product\/lodrag-ii-pack\/"},"modified":"2026-04-15T14:13:10","modified_gmt":"2026-04-15T11:13:10","slug":"lodrag-ii-pack","status":"publish","type":"product","link":"https:\/\/nbg.eu\/da\/vare\/lodrag-ii-pack\/","title":{"rendered":"Eberlestock Rygs\u00e6k LoDrag II"},"content":{"rendered":"<h2>X31 LoDrag II\u2122 Taktisk Rygs\u00e6k<\/h2>\n<p>Designet til at v\u00e6re en meget funktionel, letv\u00e6gts taktisk rygs\u00e6k, samt at inkorporere et taktisk v\u00e5benplads, har X31 LoDrag II\u2122 v\u00e6ret et fast inventar i pr\u00e6cisionsriffelens verden. Inden i hovedrummet har LoDrag II en foldbar hylde til at adskille toppens og bunden af lastutrymmet, og en hydroerings\u00e6rme til vores 2L og 3L hydreringssystemer. Sidekompressionssremme har HD 25mm sp\u00e6nder til hurtig udl\u00f8sning af genstande, som f.eks. stativ komprimeret p\u00e5 siden af rygs\u00e6kken.<\/p>\n<h2>Dimensioner<\/h2>\n<p>Volumen: 2290 c.i. \/ 37.5L<br \/>\nV\u00e6gt: 6.85 lbs<br \/>\nDimensioner: 22.5H x 11B x 11.75D<br \/>\nV\u00e5benlomme Dimensioner: 34&#8243; H x 10&#8243; B x 3D<\/p>\n<h2>Funktioner<\/h2>\n<ul>\n<li>Taktisk v\u00e5benlomme<\/li>\n<li>Foldbar hylde til at adskille toppens og bunden af lastutrymmet<\/li>\n<li>Medf\u00f8lgende regntr\u00e6k<\/li>\n<li>Hydroerings\u00e6rme<\/li>\n<\/ul>\n","protected":false},"excerpt":{"rendered":"<p>Letv\u00e6gts taktisk rygs\u00e6k med plads til v\u00e5ben, sammenfoldelig hylde og hydrerings-lomme.<\/p>\n","protected":false},"featured_media":698743,"template":"","meta":{"_acf_changed":false},"product_brand":[15141],"product_cat":[13083],"product_tag":[],"class_list":{"0":"post-698716","1":"product","2":"type-product","3":"status-publish","4":"has-post-thumbnail","6":"product_brand-eberlestock","7":"product_cat-rygsaekke","9":"first","10":"instock","11":"taxable","12":"shipping-taxable","13":"purchasable","14":"product-type-variable","15":"wvs-archive-product-wrapper"},"acf":[],"_links":{"self":[{"href":"https:\/\/nbg.eu\/da\/wp-json\/wp\/v2\/product\/698716","targetHints":{"allow":["GET"]}}],"collection":[{"href":"https:\/\/nbg.eu\/da\/wp-json\/wp\/v2\/product"}],"about":[{"href":"https:\/\/nbg.eu\/da\/wp-json\/wp\/v2\/types\/product"}],"wp:featuredmedia":[{"embeddable":true,"href":"https:\/\/nbg.eu\/da\/wp-json\/wp\/v2\/media\/698743"}],"wp:attachment":[{"href":"https:\/\/nbg.eu\/da\/wp-json\/wp\/v2\/media?parent=698716"}],"wp:term":[{"taxonomy":"product_brand","embeddable":true,"href":"https:\/\/nbg.eu\/da\/wp-json\/wp\/v2\/product_brand?post=698716"},{"taxonomy":"product_cat","embeddable":true,"href":"https:\/\/nbg.eu\/da\/wp-json\/wp\/v2\/product_cat?post=698716"},{"taxonomy":"product_tag","embeddable":true,"href":"https:\/\/nbg.eu\/da\/wp-json\/wp\/v2\/product_tag?post=698716"}],"curies":[{"name":"wp","href":"https:\/\/api.w.org\/{rel}","templated":true}]}}