{"id":699117,"date":"2025-12-22T17:57:48","date_gmt":"2025-12-22T14:57:48","guid":{"rendered":"https:\/\/nbg.eu\/product\/gunslinger-ii-pakke\/"},"modified":"2026-04-15T14:13:07","modified_gmt":"2026-04-15T11:13:07","slug":"gunslinger-ii-pakke","status":"publish","type":"product","link":"https:\/\/nbg.eu\/da\/vare\/gunslinger-ii-pakke\/","title":{"rendered":"Eberlestock Rygs\u00e6k G2 Gunslinger II"},"content":{"rendered":"<h2>Gunslinger II\u2122 Taktisk Rygs\u00e6k<\/h2>\n<p>Gunslinger II\u2122 er en mellemstor taktisk rygs\u00e6k med en fuld bredde skede, der bedre kan rumme v\u00e5ben med st\u00f8rre tv\u00e6rsnit eller bulkige optiske sigtesystemer. Den brede skede kan ogs\u00e5 fungere som en fremragende laptop- eller milit\u00e6r radiokabine. Selv med skedens opsl\u00e5ede stilling, passer den perfekt til de fleste kortl\u00f8bede rifler. Gunslinger II har en kapacitet p\u00e5 2100 kubiktommer og leveres standard med vores r\u00f8rformede Intex-II\u2122 No-Shelf rammesystem, fuldt justerbart skulderhalingsystem og polstret hofteb\u00e6lte.<\/p>\n<h2>M\u00e5l<\/h2>\n<p>Rygs\u00e6kkapacitet: 2.100 c.i. \/ 34,41L<br \/>\nSkedekapacitet: 600 c.i.<br \/>\n-Samlet Volumen: 44 liter \/ 2.700 c.i.<br \/>\n-V\u00e6gt: 6 lb og 8 oz.<br \/>\n-Hovedrygs\u00e6kdimensioner: 22&#8243;h x 10&#8243;b x 8&#8243;d<br \/>\n-Skededimensioner: 34&#8243;L x 10&#8243;B x 3&#8243;D, med en \u00e5bning p\u00e5 26&#8243; i omkreds. GSTC-d\u00e6kslet muligg\u00f8r indkapslet transport af v\u00e5ben op til 60&#8243;.<br \/>\n-Faktisk v\u00e6gt: 6,5 lb (med GSTC)..<\/p>\n<h2>Funktioner<\/h2>\n<p>Toppladelomme<br \/>\n-Lastpanel<br \/>\n-Vandflaske lommer<br \/>\n-Integreret riffelskede<br \/>\n-Grapple kompressionsseler<br \/>\n-Topstrenghals og frontlynl\u00e5s \u00e5bning<br \/>\n-Intex II R\u00f8rtramme<\/p>\n","protected":false},"excerpt":{"rendered":"<p>Den Gunslinger II\u2122 er en midt-stor taktisk rygs\u00e6k med en fuld-bredde skede, der bedre kan rumme v\u00e5ben med st\u00f8rre tv\u00e6rsnit eller klumpede optiske instrumenter.<\/p>\n","protected":false},"featured_media":699158,"template":"","meta":{"_acf_changed":false},"product_brand":[15141],"product_cat":[13083],"product_tag":[],"class_list":{"0":"post-699117","1":"product","2":"type-product","3":"status-publish","4":"has-post-thumbnail","6":"product_brand-eberlestock","7":"product_cat-rygsaekke","9":"first","10":"instock","11":"taxable","12":"shipping-taxable","13":"purchasable","14":"product-type-variable","15":"wvs-archive-product-wrapper"},"acf":[],"_links":{"self":[{"href":"https:\/\/nbg.eu\/da\/wp-json\/wp\/v2\/product\/699117","targetHints":{"allow":["GET"]}}],"collection":[{"href":"https:\/\/nbg.eu\/da\/wp-json\/wp\/v2\/product"}],"about":[{"href":"https:\/\/nbg.eu\/da\/wp-json\/wp\/v2\/types\/product"}],"wp:featuredmedia":[{"embeddable":true,"href":"https:\/\/nbg.eu\/da\/wp-json\/wp\/v2\/media\/699158"}],"wp:attachment":[{"href":"https:\/\/nbg.eu\/da\/wp-json\/wp\/v2\/media?parent=699117"}],"wp:term":[{"taxonomy":"product_brand","embeddable":true,"href":"https:\/\/nbg.eu\/da\/wp-json\/wp\/v2\/product_brand?post=699117"},{"taxonomy":"product_cat","embeddable":true,"href":"https:\/\/nbg.eu\/da\/wp-json\/wp\/v2\/product_cat?post=699117"},{"taxonomy":"product_tag","embeddable":true,"href":"https:\/\/nbg.eu\/da\/wp-json\/wp\/v2\/product_tag?post=699117"}],"curies":[{"name":"wp","href":"https:\/\/api.w.org\/{rel}","templated":true}]}}