{"id":699649,"date":"2025-12-22T18:02:07","date_gmt":"2025-12-22T15:02:07","guid":{"rendered":"https:\/\/nbg.eu\/product\/bino-regndaekke\/"},"modified":"2026-04-15T14:13:04","modified_gmt":"2026-04-15T11:13:04","slug":"bino-regndaekke","status":"publish","type":"product","link":"https:\/\/nbg.eu\/da\/vare\/bino-regndaekke\/","title":{"rendered":"Eberlestock Kikkert Regnovert\u00e6k Recon"},"content":{"rendered":"<h2>Bino Rain Fly: Kompakt og let beskyttelse til dine optiske instrumenter<\/h2>\n<p>Bino Rain Fly er en alsidig og kompakt l\u00f8sning til at holde dine kikkert t\u00f8r og beskyttet mod elementerne. Designet til at integrere s\u00f8ml\u00f8st med Recon Bino Harness, tilbyder dette regnslag p\u00e5lidelig d\u00e6kning og bekvemmelighed.<\/p>\n<p>Fremstillet af holdbare, lette materialer passer Bino Rain Fly ind i et medf\u00f8lgende etui, hvilket g\u00f8r den let at b\u00e6re og have adgang til, n\u00e5r det er n\u00f8dvendigt. 10mm Hangar-remmen giver dig mulighed for at fastg\u00f8re regnslaget sikkert til dit udstyr, s\u00e5 dine kikkert forbliver beskyttet mod regn, sne og andre vejrforhold.<\/p>\n<p>Med sit fuldst\u00e6ndige d\u00e6kkende design omslutter Bino Rain Fly helt Recon Bino Harness, hvilket giver omfattende beskyttelse til dine optiske instrumenter. Bliv fokuseret p\u00e5 dine udend\u00f8rsaktiviteter uden at bekymre dig om, at elementerne kompromitterer din oplevelse.<\/p>\n<p>Uanset om du fuglekigger, jager eller udforsker den store udend\u00f8rs, er Bino Rain Fly et n\u00f8dvendigt tilbeh\u00f8r til at holde dine kikkert t\u00f8rre og i topform. Kompakt, let og nem at bruge, er den den perfekte ledsager for enhver outdoor-entusiast.<\/p>\n","protected":false},"excerpt":{"rendered":"<p>Kompakt, let regnkappe, der beskytter din Recon Bino Sele.<\/p>\n","protected":false},"featured_media":699750,"template":"","meta":{"_acf_changed":false},"product_brand":[15141],"product_cat":[15223],"product_tag":[],"class_list":{"0":"post-699649","1":"product","2":"type-product","3":"status-publish","4":"has-post-thumbnail","6":"product_brand-eberlestock","7":"product_cat-binocular-harnesses-da","9":"first","10":"instock","11":"taxable","12":"shipping-taxable","13":"purchasable","14":"product-type-variable","15":"wvs-archive-product-wrapper"},"acf":[],"_links":{"self":[{"href":"https:\/\/nbg.eu\/da\/wp-json\/wp\/v2\/product\/699649","targetHints":{"allow":["GET"]}}],"collection":[{"href":"https:\/\/nbg.eu\/da\/wp-json\/wp\/v2\/product"}],"about":[{"href":"https:\/\/nbg.eu\/da\/wp-json\/wp\/v2\/types\/product"}],"wp:featuredmedia":[{"embeddable":true,"href":"https:\/\/nbg.eu\/da\/wp-json\/wp\/v2\/media\/699750"}],"wp:attachment":[{"href":"https:\/\/nbg.eu\/da\/wp-json\/wp\/v2\/media?parent=699649"}],"wp:term":[{"taxonomy":"product_brand","embeddable":true,"href":"https:\/\/nbg.eu\/da\/wp-json\/wp\/v2\/product_brand?post=699649"},{"taxonomy":"product_cat","embeddable":true,"href":"https:\/\/nbg.eu\/da\/wp-json\/wp\/v2\/product_cat?post=699649"},{"taxonomy":"product_tag","embeddable":true,"href":"https:\/\/nbg.eu\/da\/wp-json\/wp\/v2\/product_tag?post=699649"}],"curies":[{"name":"wp","href":"https:\/\/api.w.org\/{rel}","templated":true}]}}