{"id":700385,"date":"2025-12-22T18:10:47","date_gmt":"2025-12-22T15:10:47","guid":{"rendered":"https:\/\/nbg.eu\/product\/molle-panel\/"},"modified":"2026-04-15T14:13:00","modified_gmt":"2026-04-15T11:13:00","slug":"molle-panel","status":"publish","type":"product","link":"https:\/\/nbg.eu\/da\/vare\/molle-panel\/","title":{"rendered":"Eberlestock MOLLE Panel Recon"},"content":{"rendered":"<h2>Recon MOLLE-panel &#8211; Alsidigt tilbeh\u00f8r til din kikkertsele<\/h2>\n<p>Recon MOLLE-panelet er en simpel, men alsidig tilf\u00f8jelse til din kikkertsele. Det giver en praktisk m\u00e5de at montere forskellige lommer, s\u00e5som Recon Bearspray-lommen eller Recon Rangefinder-lommen, vandret under din kikkertlomme. Dette panel fungerer ogs\u00e5 som et sikkert platform for MOLLE-kompatible hylstre, hvilket giver dig mulighed for at b\u00e6re en h\u00e5ndv\u00e5ben p\u00e5 din kikkertsele p\u00e5 en sikker og komfortabel m\u00e5de.<\/p>\n<p>Med en bredde p\u00e5 6&#8243; og en h\u00f8jde p\u00e5 3,25&#8243; har Recon MOLLE-panelet et kompakt og str\u00f8mlined design, der ikke tilf\u00f8jer un\u00f8dvendig bulk til dit udstyr. Dets MOLLE-kompatible konstruktion sikrer kompatibilitet med et bredt udvalg af tilbeh\u00f8r, hvilket giver dig fleksibilitet til at tilpasse din ops\u00e6tning, s\u00e5 den passer til dine specifikke behov.<\/p>\n","protected":false},"excerpt":{"rendered":"<p>Alsidig MOLLE-panel til montering af lommer og til b\u00e6ring af h\u00e5ndv\u00e5ben p\u00e5 kikkertskulderstrop.<\/p>\n","protected":false},"featured_media":700432,"template":"","meta":{"_acf_changed":false},"product_brand":[15141],"product_cat":[13137],"product_tag":[],"class_list":{"0":"post-700385","1":"product","2":"type-product","3":"status-publish","4":"has-post-thumbnail","6":"product_brand-eberlestock","7":"product_cat-tasker","9":"first","10":"instock","11":"taxable","12":"shipping-taxable","13":"purchasable","14":"product-type-variable","15":"wvs-archive-product-wrapper"},"acf":[],"_links":{"self":[{"href":"https:\/\/nbg.eu\/da\/wp-json\/wp\/v2\/product\/700385","targetHints":{"allow":["GET"]}}],"collection":[{"href":"https:\/\/nbg.eu\/da\/wp-json\/wp\/v2\/product"}],"about":[{"href":"https:\/\/nbg.eu\/da\/wp-json\/wp\/v2\/types\/product"}],"wp:featuredmedia":[{"embeddable":true,"href":"https:\/\/nbg.eu\/da\/wp-json\/wp\/v2\/media\/700432"}],"wp:attachment":[{"href":"https:\/\/nbg.eu\/da\/wp-json\/wp\/v2\/media?parent=700385"}],"wp:term":[{"taxonomy":"product_brand","embeddable":true,"href":"https:\/\/nbg.eu\/da\/wp-json\/wp\/v2\/product_brand?post=700385"},{"taxonomy":"product_cat","embeddable":true,"href":"https:\/\/nbg.eu\/da\/wp-json\/wp\/v2\/product_cat?post=700385"},{"taxonomy":"product_tag","embeddable":true,"href":"https:\/\/nbg.eu\/da\/wp-json\/wp\/v2\/product_tag?post=700385"}],"curies":[{"name":"wp","href":"https:\/\/api.w.org\/{rel}","templated":true}]}}