{"id":700823,"date":"2025-12-22T18:16:35","date_gmt":"2025-12-22T15:16:35","guid":{"rendered":"https:\/\/nbg.eu\/product\/afstandsmaalerpose\/"},"modified":"2026-04-15T14:12:57","modified_gmt":"2026-04-15T11:12:57","slug":"afstandsmaalerpose","status":"publish","type":"product","link":"https:\/\/nbg.eu\/da\/vare\/afstandsmaalerpose\/","title":{"rendered":"Eberlestock Afstandsm\u00e5ler Taske Recon"},"content":{"rendered":"<h2>Recon Rangefinder Taske: Beskyt dit udstyr, forbedre din pr\u00e6cision<\/h2>\n<p>For\u00f8g dine udend\u00f8rsoplevelser med Recon Rangefinder Tasken, der er designet til at beskytte dit vigtige rangefinder-udstyr. Fremstillet med omhyggelig opm\u00e6rksomhed p\u00e5 detaljer tilbyder denne taske overlegen beskyttelse og bekvemmelighed, s\u00e5 dit udstyr forbliver sikkert og let tilg\u00e6ngeligt.<\/p>\n<p>Med et magnetisk frontl\u00e5g holder Recon Rangefinder Tasken st\u00f8v og snavs v\u00e6k og bevarer den perfekte stand p\u00e5 dine rangefinders linser. Et bungee-sn\u00f8re g\u00f8r det muligt at slippe din enhed uden risiko for brud eller tab, s\u00e5 dine h\u00e6nder er fri til mere presserende opgaver.<\/p>\n<p>Med sine kompakte m\u00e5l p\u00e5 1,75&#8243; D x 3,25&#8243; B x 5&#8243; H integrerer Recon Rangefinder Tasken problemfrit med dit udend\u00f8rsudstyr og giver en diskret og str\u00f8mlinet opbevaringsl\u00f8sning. Uanset om du er en ivrig j\u00e6ger, en dedikeret vandrer eller en passioneret skytter, er denne alsidige taske den perfekte ledsager til at beskytte dit v\u00e6rdifulde rangefinder-udstyr.<\/p>\n<p>For\u00f8g din udend\u00f8rsoplevelse med Recon Rangefinder Tasken, det ultimative tilbeh\u00f8r for den kr\u00e6vende eventyrer, der forlanger det bedste i udstyrbeskyttelse og bekvemmelighed.<\/p>\n","protected":false},"excerpt":{"rendered":"<p>Den rekognoserende afstandsm\u00e5lerpose beskytter din enhed med et magnetisk l\u00e5g og en elastisk snor til sikker og bekvem transport.<\/p>\n","protected":false},"featured_media":700835,"template":"","meta":{"_acf_changed":false},"product_brand":[15141],"product_cat":[13137],"product_tag":[],"class_list":{"0":"post-700823","1":"product","2":"type-product","3":"status-publish","4":"has-post-thumbnail","6":"product_brand-eberlestock","7":"product_cat-tasker","9":"first","10":"instock","11":"taxable","12":"shipping-taxable","13":"purchasable","14":"product-type-variable","15":"wvs-archive-product-wrapper"},"acf":[],"_links":{"self":[{"href":"https:\/\/nbg.eu\/da\/wp-json\/wp\/v2\/product\/700823","targetHints":{"allow":["GET"]}}],"collection":[{"href":"https:\/\/nbg.eu\/da\/wp-json\/wp\/v2\/product"}],"about":[{"href":"https:\/\/nbg.eu\/da\/wp-json\/wp\/v2\/types\/product"}],"wp:featuredmedia":[{"embeddable":true,"href":"https:\/\/nbg.eu\/da\/wp-json\/wp\/v2\/media\/700835"}],"wp:attachment":[{"href":"https:\/\/nbg.eu\/da\/wp-json\/wp\/v2\/media?parent=700823"}],"wp:term":[{"taxonomy":"product_brand","embeddable":true,"href":"https:\/\/nbg.eu\/da\/wp-json\/wp\/v2\/product_brand?post=700823"},{"taxonomy":"product_cat","embeddable":true,"href":"https:\/\/nbg.eu\/da\/wp-json\/wp\/v2\/product_cat?post=700823"},{"taxonomy":"product_tag","embeddable":true,"href":"https:\/\/nbg.eu\/da\/wp-json\/wp\/v2\/product_tag?post=700823"}],"curies":[{"name":"wp","href":"https:\/\/api.w.org\/{rel}","templated":true}]}}